{"id":32839,"date":"2021-03-24T09:08:16","date_gmt":"2021-03-24T08:08:16","guid":{"rendered":"https:\/\/www.keyangtools.com\/product\/keyang-dw18bla-uniwersalna-wkretarka-udarowa-18v-korpus\/"},"modified":"2023-07-03T14:16:42","modified_gmt":"2023-07-03T12:16:42","slug":"keyang-dw18bla-uniwersalna-wkretarka-udarowa-18v-korpus","status":"publish","type":"product","link":"https:\/\/www.keyangtools.com\/pl\/produkty\/keyang-dw18bla-uniwersalna-wkretarka-udarowa-18v-korpus\/","title":{"rendered":"Keyang DW18BLA Uniwersalna wkr\u0119tarka udarowa &#8211; 18V &#8211; KORPUS"},"content":{"rendered":"<p><b>Cechy Keyang DW18BLA Uniwersalnej wkr\u0119tarki udarowej &#8211; 18V &#8211; KORPUS<br \/>\n<\/b><\/p>\n<ul>\n<li>Wysoce wydajny silnik bezszczotkowy (BLDC)<\/li>\n<li>Bezszczotkowy<\/li>\n<li>Zewn\u0119trzny strza\u0142:\u00a0 1\/4&#8243; sze\u015bciok\u0105t i 1\/2&#8243; kwadrat<\/li>\n<li>3 pr\u0119dko\u015bci<\/li>\n<li>O\u015bwietlenie LED<\/li>\n<li>Wska\u017anik akumulatora<\/li>\n<li>1 sek. Funkcja &#8222;One Shot&#8221;<\/li>\n<li>Wysoka pr\u0119dko\u015b\u0107 wiercenia udarowego<\/li>\n<li>Magnetyczny uchwyt bit\u00f3w<\/li>\n<\/ul>\n<p><strong>Opis techniczny<\/strong><\/p>\n<ul>\n<li>Moc &#8211; 18 V<\/li>\n<li>Pr\u0119dko\u015b\u0107 &#8211; 1300 \/ 2200 \/ 3000 obroty na min.<\/li>\n<li>Cz\u0119stotliwo\u015b\u0107 skok\u00f3w &#8211; 0-3200 \/min<\/li>\n<li>Moment obrotowy &#8211; 180 Nm<\/li>\n<li>Waga &#8211; 0,95 kg<\/li>\n<li>Uchwyt &#8211; 1\/2&#8243; (kwadrat) 1\/4&#8243; sze\u015bciok\u0105t)<\/li>\n<\/ul>\n<p><strong>Zakres dostawy<\/strong><\/p>\n<ul>\n<li>Keyang DW18BLA Uniwersalna wkr\u0119tarka udarowa &#8211; 18V &#8211; KORPUS<\/li>\n<li>Dostarczana w opakowaniu<\/li>\n<\/ul>\n","protected":false},"excerpt":{"rendered":"<p><strong>Zakres dostawy<\/strong><\/p>\n<ul>\n<li>Keyang DW18BLA Uniwersalna wkr\u0119tarka udarowa &#8211; 18V &#8211; KORPUS<\/li>\n<li>Dostarczana w opakowaniu<\/li>\n<\/ul>\n","protected":false},"featured_media":32840,"comment_status":"closed","ping_status":"closed","template":"","meta":[],"product_brand":[],"product_cat":[1152],"product_tag":[],"class_list":{"0":"post-32839","1":"product","2":"type-product","3":"status-publish","4":"has-post-thumbnail","6":"product_cat-akumulatorowa-wkretarka-udarowa","7":"pif-has-gallery","9":"first","10":"instock","11":"purchasable","12":"product-type-simple"},"_links":{"self":[{"href":"https:\/\/www.keyangtools.com\/pl\/wp-json\/wp\/v2\/product\/32839","targetHints":{"allow":["GET"]}}],"collection":[{"href":"https:\/\/www.keyangtools.com\/pl\/wp-json\/wp\/v2\/product"}],"about":[{"href":"https:\/\/www.keyangtools.com\/pl\/wp-json\/wp\/v2\/types\/product"}],"replies":[{"embeddable":true,"href":"https:\/\/www.keyangtools.com\/pl\/wp-json\/wp\/v2\/comments?post=32839"}],"wp:featuredmedia":[{"embeddable":true,"href":"https:\/\/www.keyangtools.com\/pl\/wp-json\/wp\/v2\/media\/32840"}],"wp:attachment":[{"href":"https:\/\/www.keyangtools.com\/pl\/wp-json\/wp\/v2\/media?parent=32839"}],"wp:term":[{"taxonomy":"product_brand","embeddable":true,"href":"https:\/\/www.keyangtools.com\/pl\/wp-json\/wp\/v2\/product_brand?post=32839"},{"taxonomy":"product_cat","embeddable":true,"href":"https:\/\/www.keyangtools.com\/pl\/wp-json\/wp\/v2\/product_cat?post=32839"},{"taxonomy":"product_tag","embeddable":true,"href":"https:\/\/www.keyangtools.com\/pl\/wp-json\/wp\/v2\/product_tag?post=32839"}],"curies":[{"name":"wp","href":"https:\/\/api.w.org\/{rel}","templated":true}]}}