{"id":32843,"date":"2021-03-24T09:07:32","date_gmt":"2021-03-24T08:07:32","guid":{"rendered":"https:\/\/www.keyangtools.com\/product\/keyang-hd18bl-mlot-obrotowy-18v-sds-plus-korpus\/"},"modified":"2024-01-15T09:15:57","modified_gmt":"2024-01-15T08:15:57","slug":"keyang-hd18bl-mlot-obrotowy-18v-sds-plus-korpus","status":"publish","type":"product","link":"https:\/\/www.keyangtools.com\/pl\/produkty\/keyang-hd18bl-mlot-obrotowy-18v-sds-plus-korpus\/","title":{"rendered":"Keyang HD18BL M\u0142ot obrotowy &#8211; 18V &#8211; SDS Plus &#8211; KORPUS"},"content":{"rendered":"<p><strong>Cechy Keyang HD18BL M\u0142ota obrotowego &#8211; 18V &#8211; SDS Plus &#8211; KORPUS<\/strong><\/p>\n<ul>\n<li>Wysoce wydajny silnik bezszczotkowy (BLDC)<\/li>\n<li>Bezszczotkowy<\/li>\n<li>Ochrona przed przeci\u0105\u017ceniem<\/li>\n<li>Niska waga<\/li>\n<li>O\u015bwietlenie LED<\/li>\n<li>Wska\u017anik akumulatora<\/li>\n<\/ul>\n<div>\n<p><strong>Opis techniczny<\/strong><\/p>\n<ul>\n<li>Moc &#8211; 18 V<\/li>\n<li>Pr\u0119dko\u015b\u0107 bez obci\u0105\u017cenia &#8211; 0-1200 obr.\/min.<\/li>\n<li>Cz\u0119stotliwo\u015b\u0107 skok\u00f3w &#8211; 0-4400 \/min<\/li>\n<li>Maks. wydajno\u015b\u0107 betonu &#8211; 20 mm<\/li>\n<li>Maks. wydajno\u015b\u0107 stali &#8211; 13 mm<\/li>\n<li>Maks. wydajno\u015b\u0107 drewna &#8211; 22 mm<\/li>\n<li>Si\u0142a uderzenia &#8211; 2.0 J<\/li>\n<li>Waga &#8211; 3 kg<\/li>\n<li>Uchwyt &#8211; SDS+<\/li>\n<\/ul>\n<div>\n<p><strong>Zakres dostawy<\/strong><\/p>\n<ul>\n<li>Keyang HD18BL M\u0142ot udarowy &#8211; 18V &#8211; SDS Plus &#8211; KORPUS<\/li>\n<li>1 x Stalowy ogranicznik g\u0142\u0119boko\u015bci<\/li>\n<li>1 x Tubka smaru 50 g<\/li>\n<li>Dostarczany w opakowaniu<\/li>\n<\/ul>\n<\/div>\n<\/div>\n","protected":false},"excerpt":{"rendered":"<p><strong>Zakres dostawy<\/strong><\/p>\n<ul>\n<li>Keyang HD18BL M\u0142ot udarowy &#8211; 18V &#8211; SDS Plus &#8211; KORPUS<\/li>\n<li>1 x Stalowy ogranicznik g\u0142\u0119boko\u015bci<\/li>\n<li>1 x Tubka smaru 50 g<\/li>\n<li>Dostarczany w opakowaniu<\/li>\n<\/ul>\n","protected":false},"featured_media":32844,"comment_status":"closed","ping_status":"closed","template":"","meta":[],"product_brand":[],"product_cat":[1157],"product_tag":[],"class_list":{"0":"post-32843","1":"product","2":"type-product","3":"status-publish","4":"has-post-thumbnail","6":"product_cat-akumulatorowa-mlotowiertarka-obrotowa","8":"first","9":"instock","10":"purchasable","11":"product-type-simple"},"_links":{"self":[{"href":"https:\/\/www.keyangtools.com\/pl\/wp-json\/wp\/v2\/product\/32843","targetHints":{"allow":["GET"]}}],"collection":[{"href":"https:\/\/www.keyangtools.com\/pl\/wp-json\/wp\/v2\/product"}],"about":[{"href":"https:\/\/www.keyangtools.com\/pl\/wp-json\/wp\/v2\/types\/product"}],"replies":[{"embeddable":true,"href":"https:\/\/www.keyangtools.com\/pl\/wp-json\/wp\/v2\/comments?post=32843"}],"wp:featuredmedia":[{"embeddable":true,"href":"https:\/\/www.keyangtools.com\/pl\/wp-json\/wp\/v2\/media\/32844"}],"wp:attachment":[{"href":"https:\/\/www.keyangtools.com\/pl\/wp-json\/wp\/v2\/media?parent=32843"}],"wp:term":[{"taxonomy":"product_brand","embeddable":true,"href":"https:\/\/www.keyangtools.com\/pl\/wp-json\/wp\/v2\/product_brand?post=32843"},{"taxonomy":"product_cat","embeddable":true,"href":"https:\/\/www.keyangtools.com\/pl\/wp-json\/wp\/v2\/product_cat?post=32843"},{"taxonomy":"product_tag","embeddable":true,"href":"https:\/\/www.keyangtools.com\/pl\/wp-json\/wp\/v2\/product_tag?post=32843"}],"curies":[{"name":"wp","href":"https:\/\/api.w.org\/{rel}","templated":true}]}}