{"id":32845,"date":"2021-03-24T09:06:39","date_gmt":"2021-03-24T08:06:39","guid":{"rendered":"https:\/\/www.keyangtools.com\/product\/keyang-iw18bla-klucz-udarowy-18v-korpus\/"},"modified":"2023-07-03T14:24:41","modified_gmt":"2023-07-03T12:24:41","slug":"keyang-iw18bla-klucz-udarowy-18v-korpus","status":"publish","type":"product","link":"https:\/\/www.keyangtools.com\/pl\/produkty\/keyang-iw18bla-klucz-udarowy-18v-korpus\/","title":{"rendered":"Keyang IW18BLA Klucz udarowy &#8211; 18V &#8211; KORPUS"},"content":{"rendered":"<p><strong>Cechy Keyang IW18BLA Klucza udarowego &#8211; 18V &#8211; KORPUS<\/strong><\/p>\n<ul>\n<li>Wysoce wydajny silnik bezszczotkowy (BLDC)<\/li>\n<li>Bezszczotkowy<\/li>\n<li>3-biegowy<\/li>\n<li>Wska\u017anik akumulatora<\/li>\n<li>O\u015bwietlenie LED<\/li>\n<li>Wysoka pr\u0119dko\u015b\u0107 wiercenia udarowego<\/li>\n<\/ul>\n<p><strong>Opis techniczny<\/strong><\/p>\n<ul>\n<li>Zasilanie &#8211; 18 V<\/li>\n<li>Pr\u0119dko\u015b\u0107 &#8211; 900 \/ 2000 \/ 2600 obr.\/min.<\/li>\n<li>Cz\u0119stotliwo\u015b\u0107 skok\u00f3w &#8211; 0-2600\/min<\/li>\n<li>Moment obrotowy &#8211; 280 Nm<\/li>\n<li>Waga &#8211; 1,65 kg<\/li>\n<li>Uchwyt &#8211; 1\/2&#8243; (kwadrat)<\/li>\n<\/ul>\n<p><strong>Zakres dostawy<\/strong><\/p>\n<ul>\n<li>Keyang IW18BLA Klucz udarowy &#8211; 18V &#8211; KORPUS<\/li>\n<li>Dostarczany w opakowaniu<\/li>\n<\/ul>\n","protected":false},"excerpt":{"rendered":"<p><strong>Zakres dostawy<\/strong><\/p>\n<ul>\n<li>Keyang IW18BLA Klucz udarowy &#8211; 18V &#8211; KORPUS<\/li>\n<li>Dostarczany w opakowaniu<\/li>\n<\/ul>\n","protected":false},"featured_media":32846,"comment_status":"closed","ping_status":"closed","template":"","meta":[],"product_brand":[],"product_cat":[1153],"product_tag":[],"class_list":{"0":"post-32845","1":"product","2":"type-product","3":"status-publish","4":"has-post-thumbnail","6":"product_cat-akumulatorowy-klucz-udarowy","8":"first","9":"instock","10":"purchasable","11":"product-type-simple"},"_links":{"self":[{"href":"https:\/\/www.keyangtools.com\/pl\/wp-json\/wp\/v2\/product\/32845","targetHints":{"allow":["GET"]}}],"collection":[{"href":"https:\/\/www.keyangtools.com\/pl\/wp-json\/wp\/v2\/product"}],"about":[{"href":"https:\/\/www.keyangtools.com\/pl\/wp-json\/wp\/v2\/types\/product"}],"replies":[{"embeddable":true,"href":"https:\/\/www.keyangtools.com\/pl\/wp-json\/wp\/v2\/comments?post=32845"}],"wp:featuredmedia":[{"embeddable":true,"href":"https:\/\/www.keyangtools.com\/pl\/wp-json\/wp\/v2\/media\/32846"}],"wp:attachment":[{"href":"https:\/\/www.keyangtools.com\/pl\/wp-json\/wp\/v2\/media?parent=32845"}],"wp:term":[{"taxonomy":"product_brand","embeddable":true,"href":"https:\/\/www.keyangtools.com\/pl\/wp-json\/wp\/v2\/product_brand?post=32845"},{"taxonomy":"product_cat","embeddable":true,"href":"https:\/\/www.keyangtools.com\/pl\/wp-json\/wp\/v2\/product_cat?post=32845"},{"taxonomy":"product_tag","embeddable":true,"href":"https:\/\/www.keyangtools.com\/pl\/wp-json\/wp\/v2\/product_tag?post=32845"}],"curies":[{"name":"wp","href":"https:\/\/api.w.org\/{rel}","templated":true}]}}