{"id":32849,"date":"2021-03-24T09:05:54","date_gmt":"2021-03-24T08:05:54","guid":{"rendered":"https:\/\/www.keyangtools.com\/product\/keyang-id18bla-wkretarka-udarowa-18v-korpus\/"},"modified":"2024-01-15T09:16:14","modified_gmt":"2024-01-15T08:16:14","slug":"keyang-id18bla-wkretarka-udarowa-18v-korpus","status":"publish","type":"product","link":"https:\/\/www.keyangtools.com\/pl\/produkty\/keyang-id18bla-wkretarka-udarowa-18v-korpus\/","title":{"rendered":"Keyang ID18BLA Wkr\u0119tarka udarowa &#8211; 18V &#8211; KORPUS"},"content":{"rendered":"<p>&nbsp;<\/p>\n<p><img decoding=\"async\" class=\"wp-image-33744 size-full\" src=\"https:\/\/www.keyangtools.com\/wp-content\/uploads\/2022\/11\/ID18BLA-PL-BODY.png\" alt=\"Keyang ID18BLA Wkr\u0119tarka udarowa - 18V - KORPUS\" width=\"900\" height=\"9966\" srcset=\"https:\/\/www.keyangtools.com\/wp-content\/uploads\/2022\/11\/ID18BLA-PL-BODY.png 900w, https:\/\/www.keyangtools.com\/wp-content\/uploads\/2022\/11\/ID18BLA-PL-BODY-27x300.png 27w, https:\/\/www.keyangtools.com\/wp-content\/uploads\/2022\/11\/ID18BLA-PL-BODY-768x8504.png 768w, https:\/\/www.keyangtools.com\/wp-content\/uploads\/2022\/11\/ID18BLA-PL-BODY-185x2048.png 185w, https:\/\/www.keyangtools.com\/wp-content\/uploads\/2022\/11\/ID18BLA-PL-BODY-560x6201.png 560w\" sizes=\"(max-width: 900px) 100vw, 900px\" \/><\/p>\n<p><strong>Cechy Keyang ID18BLA Wkr\u0119tarki udarowej &#8211; 18V &#8211; KORPUS<\/strong><\/p>\n<ul>\n<li>Wysoce wydajny silnik bezszczotkowy (BLDC)<\/li>\n<li>Szczotki<\/li>\n<li>3 pr\u0119dko\u015bci<\/li>\n<li>O\u015bwietlenie LED<\/li>\n<li>Wska\u017anik akumulatorowy<\/li>\n<li>1 sek. Funkcja &#8222;One Shot&#8221;<\/li>\n<li>Wysoka pr\u0119dko\u015b\u0107 wiercenia udarowego<\/li>\n<li>Magnetyczny uchwyt bit\u00f3w<\/li>\n<\/ul>\n<div>\n<p><strong>Opis techniczny<\/strong><\/p>\n<ul>\n<li>Moc &#8211; 18V<\/li>\n<li>Pr\u0119dko\u015b\u0107 &#8211; 0-3000 \/min<\/li>\n<li>Cz\u0119stotliwo\u015b\u0107 skok\u00f3w &#8211; 0-3200 \/min<\/li>\n<li>Max. moment obrotowy &#8211; 180 Nm<\/li>\n<li>Waga &#8211; 0,95 Kg<\/li>\n<li>Uchwyt &#8211; 1\/4&#8221; (sze\u015bciok\u0105t)<\/li>\n<\/ul>\n<p><strong>Zakres dostawy<\/strong><\/p>\n<ul>\n<li>Dostawa w opakowaniu<\/li>\n<li>Dostarczana bez akumulator\u00f3w i \u0142adowarki<\/li>\n<\/ul>\n<\/div>\n","protected":false},"excerpt":{"rendered":"<p><strong>Zakres dostawy<\/strong><\/p>\n<ul>\n<li>Keyang ID18BLA Wkr\u0119tarka udarowa 18V &#8211; KORPUS<\/li>\n<li>Dostarczana w opakowaniu<\/li>\n<\/ul>\n<p>&nbsp;<\/p>\n<p><strong><em>Why choose Keyang?<\/em><\/strong><\/p>\n<p>Korea\u0144ska marka produkuje od ponad 40 lat wysokiej jako\u015bci maszyny dla sektora przemys\u0142owego i budowlanego. Od ponad 25 lat produkuje r\u00f3wnie\u017c dla kilku marek A na rynku europejskim (w tym Kress &amp; Spit). Keyang przewy\u017csza swoich konkurent\u00f3w, dostarczaj\u0105c doskona\u0142\u0105 jako\u015b\u0107 w rozs\u0105dnej cenie. Z pozycji lidera na rynku korea\u0144skim, firma zacz\u0119\u0142a koncentrowa\u0107 si\u0119 r\u00f3wnie\u017c na rynku europejskim. W stosunkowo kr\u00f3tkim czasie korea\u0144ska marka sta\u0142a si\u0119 zaufan\u0105 mark\u0105 w sektorze budowlanym. Nie ma to nic wsp\u00f3lnego ze sprytnym marketingiem, ale z wiar\u0105, \u017ce ma\u0142ymi krokami mo\u017cna zaj\u015b\u0107 wysoko w biznesie.<\/p>\n","protected":false},"featured_media":32850,"comment_status":"closed","ping_status":"closed","template":"","meta":[],"product_brand":[],"product_cat":[1152],"product_tag":[],"class_list":{"0":"post-32849","1":"product","2":"type-product","3":"status-publish","4":"has-post-thumbnail","6":"product_cat-akumulatorowa-wkretarka-udarowa","7":"pif-has-gallery","9":"first","10":"instock","11":"purchasable","12":"product-type-simple"},"_links":{"self":[{"href":"https:\/\/www.keyangtools.com\/pl\/wp-json\/wp\/v2\/product\/32849","targetHints":{"allow":["GET"]}}],"collection":[{"href":"https:\/\/www.keyangtools.com\/pl\/wp-json\/wp\/v2\/product"}],"about":[{"href":"https:\/\/www.keyangtools.com\/pl\/wp-json\/wp\/v2\/types\/product"}],"replies":[{"embeddable":true,"href":"https:\/\/www.keyangtools.com\/pl\/wp-json\/wp\/v2\/comments?post=32849"}],"wp:featuredmedia":[{"embeddable":true,"href":"https:\/\/www.keyangtools.com\/pl\/wp-json\/wp\/v2\/media\/32850"}],"wp:attachment":[{"href":"https:\/\/www.keyangtools.com\/pl\/wp-json\/wp\/v2\/media?parent=32849"}],"wp:term":[{"taxonomy":"product_brand","embeddable":true,"href":"https:\/\/www.keyangtools.com\/pl\/wp-json\/wp\/v2\/product_brand?post=32849"},{"taxonomy":"product_cat","embeddable":true,"href":"https:\/\/www.keyangtools.com\/pl\/wp-json\/wp\/v2\/product_cat?post=32849"},{"taxonomy":"product_tag","embeddable":true,"href":"https:\/\/www.keyangtools.com\/pl\/wp-json\/wp\/v2\/product_tag?post=32849"}],"curies":[{"name":"wp","href":"https:\/\/api.w.org\/{rel}","templated":true}]}}