{"id":32855,"date":"2021-03-24T09:03:59","date_gmt":"2021-03-24T08:03:59","guid":{"rendered":"https:\/\/www.keyangtools.com\/product\/keyang-hd26-2t-mlot-obrotowy-850w\/"},"modified":"2024-01-15T09:16:32","modified_gmt":"2024-01-15T08:16:32","slug":"keyang-hd26-2t-mlot-obrotowy-850w","status":"publish","type":"product","link":"https:\/\/www.keyangtools.com\/pl\/produkty\/keyang-hd26-2t-mlot-obrotowy-850w\/","title":{"rendered":"Keyang HD26-2T M\u0142ot obrotowy \u2013 850W"},"content":{"rendered":"<p><b>Cechy Keyang HD26-2T M\u0142ota obrotowego \u2013 850W<\/b><\/p>\n<ul>\n<li>Funkcja d\u0142uta regulowana w r\u00f3\u017cnych pozycjach<\/li>\n<li>Sprz\u0119g\u0142o bezpiecze\u0144stwa zapobiega uszkodzeniom i obra\u017ceniom spowodowanym si\u0142\u0105 powsta\u0142\u0105 w momencie, gdy wiert\u0142o grozi zakleszczeniem<\/li>\n<li>Ergonomiczna r\u0119koje\u015b\u0107 z gumow\u0105 pow\u0142ok\u0105 dla zwi\u0119kszenia komfortu u\u017cytkownika<\/li>\n<li>Ogranicznik obrot\u00f3w do lekkich prac z d\u0142utem w kamieniu, mi\u0119kkim murze i w ograniczonym zakresie w lekkim betonie<\/li>\n<\/ul>\n<p><strong>Opis techniczny<\/strong><\/p>\n<ul>\n<li>Moc poch\u0142aniana &#8211; 850 W<\/li>\n<li>Pr\u0119dko\u015b\u0107 bez obci\u0105\u017cenia &#8211; 0-1300 \/min<\/li>\n<li>Cz\u0119stotliwo\u015b\u0107 skok\u00f3w bez obci\u0105\u017cenia &#8211; 5140 \/min<\/li>\n<li>Waga &#8211; 2,6 Kg<\/li>\n<li>Maks. wydajno\u015b\u0107 betonu &#8211; 26 mm<\/li>\n<li>Maks. wydajno\u015b\u0107 drewna &#8211; 30 mm<\/li>\n<li>Maks. wydajno\u015b\u0107 stali &#8211; 13 mm<\/li>\n<li>Maks. wydajno\u015b\u0107 w kamieniu &#8211; 68 mm<\/li>\n<li>Uchwyt &#8211; SDS-Plus<\/li>\n<\/ul>\n<p><strong>Zakres dostawy<\/strong><\/p>\n<ul>\n<li>Keyang HD26-2T M\u0142ot obrotowy \u2013 850W<\/li>\n<li>1 x Uchwyt<\/li>\n<li>1 x Ogranicznik g\u0142\u0119boko\u015bci<\/li>\n<li>Dostarczany w walizce<\/li>\n<\/ul>\n","protected":false},"excerpt":{"rendered":"<p><strong>Zakres dostawy<\/strong><\/p>\n<ul>\n<li>Keyang HD26-2T M\u0142ot obrotowy \u2013 850W<\/li>\n<li>1 x Uchwyt<\/li>\n<li>1 x Ogranicznik g\u0142\u0119boko\u015bci<\/li>\n<li>Dostarczany w walizce<\/li>\n<\/ul>\n","protected":false},"featured_media":32856,"comment_status":"closed","ping_status":"closed","template":"","meta":[],"product_brand":[],"product_cat":[1174,1163],"product_tag":[],"class_list":{"0":"post-32855","1":"product","2":"type-product","3":"status-publish","4":"has-post-thumbnail","6":"product_cat-mlot-udarowy","7":"product_cat-urzadzenia","8":"pif-has-gallery","10":"first","11":"instock","12":"purchasable","13":"product-type-simple"},"_links":{"self":[{"href":"https:\/\/www.keyangtools.com\/pl\/wp-json\/wp\/v2\/product\/32855","targetHints":{"allow":["GET"]}}],"collection":[{"href":"https:\/\/www.keyangtools.com\/pl\/wp-json\/wp\/v2\/product"}],"about":[{"href":"https:\/\/www.keyangtools.com\/pl\/wp-json\/wp\/v2\/types\/product"}],"replies":[{"embeddable":true,"href":"https:\/\/www.keyangtools.com\/pl\/wp-json\/wp\/v2\/comments?post=32855"}],"wp:featuredmedia":[{"embeddable":true,"href":"https:\/\/www.keyangtools.com\/pl\/wp-json\/wp\/v2\/media\/32856"}],"wp:attachment":[{"href":"https:\/\/www.keyangtools.com\/pl\/wp-json\/wp\/v2\/media?parent=32855"}],"wp:term":[{"taxonomy":"product_brand","embeddable":true,"href":"https:\/\/www.keyangtools.com\/pl\/wp-json\/wp\/v2\/product_brand?post=32855"},{"taxonomy":"product_cat","embeddable":true,"href":"https:\/\/www.keyangtools.com\/pl\/wp-json\/wp\/v2\/product_cat?post=32855"},{"taxonomy":"product_tag","embeddable":true,"href":"https:\/\/www.keyangtools.com\/pl\/wp-json\/wp\/v2\/product_tag?post=32855"}],"curies":[{"name":"wp","href":"https:\/\/api.w.org\/{rel}","templated":true}]}}