{"id":32860,"date":"2021-03-24T09:03:09","date_gmt":"2021-03-24T08:03:09","guid":{"rendered":"https:\/\/www.keyangtools.com\/product\/keyang-kh6500-mlot-1300w-40j\/"},"modified":"2024-01-15T09:29:06","modified_gmt":"2024-01-15T08:29:06","slug":"keyang-kh6500-mlot-1300w-40j","status":"publish","type":"product","link":"https:\/\/www.keyangtools.com\/pl\/produkty\/keyang-kh6500-mlot-1300w-40j\/","title":{"rendered":"Keyang KH6500 M\u0142ot 1300W &#8211; 40J"},"content":{"rendered":"<p><strong>Cechy Keyang KH6500 M\u0142otu 1300W &#8211; 40J<br \/>\n<\/strong><\/p>\n<ul>\n<li>Uchwyty antywibracyjne<\/li>\n<li>Wysoka energia skoku<\/li>\n<li>Samogwintuj\u0105ce szczotki w\u0119glowe<\/li>\n<li>Podw\u00f3jna izolacja<\/li>\n<\/ul>\n<div>\n<p><strong>Opis techniczny<\/strong><\/p>\n<ul>\n<li>Moc poch\u0142aniana &#8211; 1300 W<\/li>\n<li>Cz\u0119stotliwo\u015b\u0107 skok\u00f3w bez obci\u0105\u017cenia &#8211; 1450 \/min<\/li>\n<li>Energia skoku &#8211; 40 J<\/li>\n<li>Smarowanie &#8211; olej<\/li>\n<li>Waga &#8211; 15 kg<\/li>\n<li>Uchwyt &#8211; HEX SHANK<\/li>\n<\/ul>\n<div>\n<p><strong>Zakres dostawy<\/strong><\/p>\n<ul>\n<li>Keyang KH6500 M\u0142ot 1300W &#8211; 40J<\/li>\n<li>1 x D\u0142uto punktowe<\/li>\n<li>1 x Uchwyt boczny<\/li>\n<li>2 x Klucz<\/li>\n<li>1 x Szczotka w\u0119glowa<\/li>\n<li>1 x Klucz<\/li>\n<li>Dostarczany w walizce<\/li>\n<\/ul>\n<\/div>\n<\/div>\n","protected":false},"excerpt":{"rendered":"<p><strong>Zakres dostawy<\/strong><\/p>\n<ul>\n<li>Keyang KH6500 M\u0142ot 1300W &#8211; 40J<\/li>\n<li>1 x D\u0142uto punktowe<\/li>\n<li>1 x Uchwyt boczny<\/li>\n<li>2 x Klucz<\/li>\n<li>1 x Szczotka w\u0119glowa<\/li>\n<li>1 x Klucz<\/li>\n<li>Dostarczany w walizce<\/li>\n<\/ul>\n","protected":false},"featured_media":32861,"comment_status":"closed","ping_status":"closed","template":"","meta":[],"product_brand":[],"product_cat":[1169,1163],"product_tag":[],"class_list":{"0":"post-32860","1":"product","2":"type-product","3":"status-publish","4":"has-post-thumbnail","6":"product_cat-mlot-wyburzeniowy","7":"product_cat-urzadzenia","8":"pif-has-gallery","10":"first","11":"instock","12":"purchasable","13":"product-type-simple"},"_links":{"self":[{"href":"https:\/\/www.keyangtools.com\/pl\/wp-json\/wp\/v2\/product\/32860","targetHints":{"allow":["GET"]}}],"collection":[{"href":"https:\/\/www.keyangtools.com\/pl\/wp-json\/wp\/v2\/product"}],"about":[{"href":"https:\/\/www.keyangtools.com\/pl\/wp-json\/wp\/v2\/types\/product"}],"replies":[{"embeddable":true,"href":"https:\/\/www.keyangtools.com\/pl\/wp-json\/wp\/v2\/comments?post=32860"}],"wp:featuredmedia":[{"embeddable":true,"href":"https:\/\/www.keyangtools.com\/pl\/wp-json\/wp\/v2\/media\/32861"}],"wp:attachment":[{"href":"https:\/\/www.keyangtools.com\/pl\/wp-json\/wp\/v2\/media?parent=32860"}],"wp:term":[{"taxonomy":"product_brand","embeddable":true,"href":"https:\/\/www.keyangtools.com\/pl\/wp-json\/wp\/v2\/product_brand?post=32860"},{"taxonomy":"product_cat","embeddable":true,"href":"https:\/\/www.keyangtools.com\/pl\/wp-json\/wp\/v2\/product_cat?post=32860"},{"taxonomy":"product_tag","embeddable":true,"href":"https:\/\/www.keyangtools.com\/pl\/wp-json\/wp\/v2\/product_tag?post=32860"}],"curies":[{"name":"wp","href":"https:\/\/api.w.org\/{rel}","templated":true}]}}