{"id":32898,"date":"2021-03-24T08:39:06","date_gmt":"2021-03-24T07:39:06","guid":{"rendered":"https:\/\/www.keyangtools.com\/product\/keyang-dd1202l2-wiertarko-wkretarka-10-8v-2-0ah\/"},"modified":"2024-01-15T09:34:40","modified_gmt":"2024-01-15T08:34:40","slug":"keyang-dd1202l2-wiertarko-wkretarka-10-8v-2-0ah","status":"publish","type":"product","link":"https:\/\/www.keyangtools.com\/pl\/produkty\/keyang-dd1202l2-wiertarko-wkretarka-10-8v-2-0ah\/","title":{"rendered":"Keyang DD1202L2 Wiertarko-wkr\u0119tarka 10.8V &#8211; 2.0Ah"},"content":{"rendered":"<p><strong>Cechy Keyang DD1202L2 Wiertarko-wkr\u0119tarki 10.8V &#8211; 2.0Ah<br \/>\n<\/strong><\/p>\n<ul>\n<li>2 Pr\u0119dko\u015bci<\/li>\n<li>Kompaktowa<\/li>\n<li>18 Moment\u00f3w dokr\u0119cania<\/li>\n<li>Wierci i wkr\u0119ca w najtwardszych materia\u0142ach<\/li>\n<li>Wyposa\u017cona w ustawienie wysokiej i niskiej pr\u0119dko\u015bci oraz momentu obrotowego<\/li>\n<li>Wbudowane o\u015bwietlenie LED<\/li>\n<\/ul>\n<p><strong>Opis techniczny<\/strong><\/p>\n<div>\n<ul>\n<li>Napi\u0119cie &#8211; 10.8V<\/li>\n<li>Pr\u0119dko\u015b\u0107 obrotowa &#8211; 0-350 \/ 0-1300 obr.<\/li>\n<li>Akumulator &#8211; 2.0 Ah litowo-jonowy<\/li>\n<li>Moment obrotowy &#8211; 30 Nm<\/li>\n<li>Waga &#8211; 1,0 kg<\/li>\n<li>G\u0142owica wiert\u0142a &#8211; 10 mm<\/li>\n<li>Maks. wydajno\u015b\u0107 stali &#8211; 10 mm<\/li>\n<li>Maks. wydajno\u015b\u0107 w drewnie &#8211; 15 mm<\/li>\n<li>Maks. no\u015bno\u015b\u0107 drewna (wkr\u0119t) &#8211; 6 mm<\/li>\n<\/ul>\n<div>\n<p><strong>Zakres dostawy<\/strong><\/p>\n<ul>\n<li>Keyang DD1202L2 Wiertarko-wkretarka 10.8V &#8211; 2.0Ah<\/li>\n<li>2 x Akumulator Li-Ion 10.8V 2.0Ah<\/li>\n<li>1 x \u0141adowarka<\/li>\n<li>Dostarczana w walizce<\/li>\n<li style=\"list-style-type: none;\"><\/li>\n<\/ul>\n<hr \/>\n<p><em><strong>Dlaczego warto wybra\u0107 Keyang?<\/strong><\/em><\/p>\n<p>Korea\u0144ska marka produkuje od ponad 40 lat wysokiej jako\u015bci maszyny dla sektora przemys\u0142owego i budowlanego. Od ponad 25 lat produkuje r\u00f3wnie\u017c dla kilku marek A na rynku europejskim (w tym Kress &amp; Spit). Keyang przewy\u017csza swoich konkurent\u00f3w, dostarczaj\u0105c doskona\u0142\u0105 jako\u015b\u0107 w rozs\u0105dnej cenie. Z pozycji lidera na rynku korea\u0144skim, firma zacz\u0119\u0142a koncentrowa\u0107 si\u0119 r\u00f3wnie\u017c na rynku europejskim. W stosunkowo kr\u00f3tkim czasie korea\u0144ska marka sta\u0142a si\u0119 zaufan\u0105 mark\u0105 w sektorze budowlanym. Nie ma to nic wsp\u00f3lnego ze sprytnym marketingiem, ale z wiar\u0105, \u017ce ma\u0142ymi krokami mo\u017cna zaj\u015b\u0107 wysoko w biznesie.<\/p>\n<\/div>\n<\/div>\n","protected":false},"excerpt":{"rendered":"<table>\n<tbody>\n<tr>\n<td class=\"echotable\"><a href=\"https:\/\/www.kem-europe.eu\/wp-content\/uploads\/2018\/02\/4-1.jpg\"><img decoding=\"async\" class=\"alignnone size-full wp-image-24309\" src=\"https:\/\/www.kem-europe.eu\/wp-content\/uploads\/2018\/02\/4-1.jpg\" alt=\"\" width=\"57\" height=\"57\" \/><\/a>Odwr\u00f3cona rotacja<\/td>\n<td class=\"echotable\"><a href=\"https:\/\/www.kem-europe.eu\/wp-content\/uploads\/2018\/02\/7-1.jpg\"><img decoding=\"async\" class=\"alignnone size-full wp-image-24312\" src=\"https:\/\/www.kem-europe.eu\/wp-content\/uploads\/2018\/02\/7-1.jpg\" alt=\"\" width=\"57\" height=\"57\" \/><\/a> Wysokie obroty na min.<\/td>\n<\/tr>\n<\/tbody>\n<tbody>\n<tr>\n<td class=\"echotable\"><a href=\"https:\/\/www.kem-europe.eu\/wp-content\/uploads\/2018\/02\/8-1.jpg\"><img decoding=\"async\" class=\"alignnone size-full wp-image-24313\" src=\"https:\/\/www.kem-europe.eu\/wp-content\/uploads\/2018\/02\/8-1.jpg\" alt=\"\" width=\"57\" height=\"57\" \/><\/a>Niskie obroty na min.<\/td>\n<td class=\"echotable\"><a href=\"https:\/\/www.kem-europe.eu\/wp-content\/uploads\/2018\/02\/17-1.jpg\"><img decoding=\"async\" class=\"alignnone size-full wp-image-24322\" src=\"https:\/\/www.kem-europe.eu\/wp-content\/uploads\/2018\/02\/17-1.jpg\" alt=\"\" width=\"57\" height=\"57\" \/><\/a>Uchwyt szybkomocuj\u0105cy<\/td>\n<\/tr>\n<tr>\n<td class=\"echotable\"><a href=\"https:\/\/www.kem-europe.eu\/wp-content\/uploads\/2018\/02\/13-1.jpg\"><img decoding=\"async\" class=\"alignnone size-full wp-image-24318\" src=\"https:\/\/www.kem-europe.eu\/wp-content\/uploads\/2018\/02\/13-1.jpg\" alt=\"\" width=\"57\" height=\"57\" \/><\/a>Walizka<\/td>\n<td class=\"echotable\"><a href=\"https:\/\/www.kem-europe.eu\/wp-content\/uploads\/2018\/02\/Untitled-2-1.jpg\"><img decoding=\"async\" class=\"alignnone size-full wp-image-24331\" src=\"https:\/\/www.kem-europe.eu\/wp-content\/uploads\/2018\/02\/Untitled-2-1.jpg\" alt=\"\" width=\"57\" height=\"57\" \/><\/a>Kontrola pr\u0119dko\u015bci<\/td>\n<\/tr>\n<\/tbody>\n<\/table>\n<p>&nbsp;<\/p>\n<p>Aby uzyska\u0107 pe\u0142ny przegl\u0105d r\u00f3\u017cnych symboli, kliknij <a href=\"https:\/\/www.keyangtools.com\/pl\/symbolika-keyang\/\">tutaj!<\/a><\/p>\n<p>&nbsp;<\/p>\n<p><strong>Zakres dostawy<\/strong><\/p>\n<ul>\n<li>Keyang DD1202L2 Wiertarko-wkretarka 10.8V &#8211; 2.0Ah<\/li>\n<li>2 x Akumulator Li-Ion 10.8V 2.0Ah<\/li>\n<li>1 x \u0141adowarka<\/li>\n<li>Dostarczana w walizce<\/li>\n<\/ul>\n","protected":false},"featured_media":32899,"comment_status":"closed","ping_status":"closed","template":"","meta":[],"product_brand":[],"product_cat":[1150],"product_tag":[],"class_list":{"0":"post-32898","1":"product","2":"type-product","3":"status-publish","4":"has-post-thumbnail","6":"product_cat-akumulatorowa-wiertarka","7":"pif-has-gallery","9":"first","10":"onbackorder","11":"purchasable","12":"product-type-simple"},"_links":{"self":[{"href":"https:\/\/www.keyangtools.com\/pl\/wp-json\/wp\/v2\/product\/32898","targetHints":{"allow":["GET"]}}],"collection":[{"href":"https:\/\/www.keyangtools.com\/pl\/wp-json\/wp\/v2\/product"}],"about":[{"href":"https:\/\/www.keyangtools.com\/pl\/wp-json\/wp\/v2\/types\/product"}],"replies":[{"embeddable":true,"href":"https:\/\/www.keyangtools.com\/pl\/wp-json\/wp\/v2\/comments?post=32898"}],"wp:featuredmedia":[{"embeddable":true,"href":"https:\/\/www.keyangtools.com\/pl\/wp-json\/wp\/v2\/media\/32899"}],"wp:attachment":[{"href":"https:\/\/www.keyangtools.com\/pl\/wp-json\/wp\/v2\/media?parent=32898"}],"wp:term":[{"taxonomy":"product_brand","embeddable":true,"href":"https:\/\/www.keyangtools.com\/pl\/wp-json\/wp\/v2\/product_brand?post=32898"},{"taxonomy":"product_cat","embeddable":true,"href":"https:\/\/www.keyangtools.com\/pl\/wp-json\/wp\/v2\/product_cat?post=32898"},{"taxonomy":"product_tag","embeddable":true,"href":"https:\/\/www.keyangtools.com\/pl\/wp-json\/wp\/v2\/product_tag?post=32898"}],"curies":[{"name":"wp","href":"https:\/\/api.w.org\/{rel}","templated":true}]}}