{"id":32907,"date":"2021-03-24T08:34:41","date_gmt":"2021-03-24T07:34:41","guid":{"rendered":"https:\/\/www.keyangtools.com\/product\/keyang-cs1800l-pila-tarczowa-18v-korpus\/"},"modified":"2023-07-03T15:01:19","modified_gmt":"2023-07-03T13:01:19","slug":"keyang-cs1800l-pila-tarczowa-18v-korpus","status":"publish","type":"product","link":"https:\/\/www.keyangtools.com\/pl\/produkty\/keyang-cs1800l-pila-tarczowa-18v-korpus\/","title":{"rendered":"Keyang CS1800L Pi\u0142a tarczowa &#8211; 18V &#8211; KORPUS"},"content":{"rendered":"<p><b>Cechy Keyang CS1800L Pi\u0142y tarczowej &#8211; 18V &#8211; KORPUS<br \/>\n<\/b><\/p>\n<ul>\n<li>Zabezpieczenie przed przeci\u0105\u017ceniem<\/li>\n<li>Usuwanie py\u0142u<\/li>\n<li>O\u015bwietlenie LED<\/li>\n<li>Samoczynnie aktywuj\u0105ce si\u0119 szczotki w\u0119glowe<\/li>\n<li>Ergonomiczny uchwyt<\/li>\n<li>Hamulec silnika<\/li>\n<li>Wska\u017anik na\u0142adowania baterii<\/li>\n<\/ul>\n<p><strong>Opis techniczny<\/strong><\/p>\n<ul>\n<li>Zasilanie -18V<\/li>\n<li>Pr\u0119dko\u015b\u0107 bez obci\u0105\u017cenia &#8211; 0-4000 \/minD<\/li>\n<li>G\u0142\u0119boko\u015b\u0107 ci\u0119cia &#8211; 57 mm<\/li>\n<li>Tarcza pi\u0142y &#8211; 165 mm<\/li>\n<li>G\u0142\u0119boko\u015b\u0107 ci\u0119cia 90\u00ba &#8211; 57 mm<\/li>\n<li>G\u0142\u0119boko\u015b\u0107 ci\u0119cia 50\u00ba &#8211; 40 mm<\/li>\n<li>G\u0142\u0119boko\u015b\u0107 ci\u0119cia 45\u00ba &#8211; 36 mm<\/li>\n<\/ul>\n<p><strong>Zakres dostawy<\/strong><\/p>\n<ul>\n<li>Keyang CS1800L Pi\u0142a tarczowa &#8211; 18V &#8211; KORPUS<\/li>\n<li>Dostarczana w walizce<\/li>\n<\/ul>\n","protected":false},"excerpt":{"rendered":"<table>\n<tbody>\n<tr>\n<td class=\"echotable\"><a href=\"https:\/\/www.kem-europe.eu\/wp-content\/uploads\/2018\/02\/Untitled-1-1.jpg\"><img decoding=\"async\" class=\"alignnone size-full wp-image-24330\" src=\"https:\/\/www.kem-europe.eu\/wp-content\/uploads\/2018\/02\/Untitled-1-1.jpg\" alt=\"\" width=\"57\" height=\"57\" \/><\/a>Podw\u00f3jna izolacja<\/td>\n<td class=\"echotable\"><a href=\"https:\/\/www.kem-europe.eu\/wp-content\/uploads\/2018\/02\/3-1.jpg\"><img decoding=\"async\" class=\"alignnone size-full wp-image-24308\" src=\"https:\/\/www.kem-europe.eu\/wp-content\/uploads\/2018\/02\/3-1.jpg\" alt=\"\" width=\"57\" height=\"57\" \/><\/a>Lekka waga<\/td>\n<\/tr>\n<tr>\n<td class=\"echotable\"><a href=\"https:\/\/www.kem-europe.eu\/wp-content\/uploads\/2018\/02\/13-1.jpg\"><img decoding=\"async\" class=\"alignnone size-full wp-image-24318\" src=\"https:\/\/www.kem-europe.eu\/wp-content\/uploads\/2018\/02\/13-1.jpg\" alt=\"\" width=\"57\" height=\"57\" \/><\/a>Walizka<\/td>\n<td class=\"echotable\"><\/td>\n<\/tr>\n<\/tbody>\n<\/table>\n<p>&nbsp;<\/p>\n<p><strong>Aby uzyska\u0107 pe\u0142ny przegl\u0105d r\u00f3\u017cnych symboli, kliknij <a href=\"https:\/\/www.keyangtools.com\/pl\/symbolika-keyang\/\">tutaj<\/a>!<\/strong><\/p>\n<p>&nbsp;<\/p>\n<p><strong>Zakres dostawy<\/strong><\/p>\n<ul>\n<li>Keyang CS1800L Pi\u0142a tarczowa &#8211; 18V &#8211; KORPUS<\/li>\n<li>Dostarczana w walizce<\/li>\n<\/ul>\n","protected":false},"featured_media":32908,"comment_status":"closed","ping_status":"closed","template":"","meta":[],"product_brand":[],"product_cat":[1148],"product_tag":[],"class_list":{"0":"post-32907","1":"product","2":"type-product","3":"status-publish","4":"has-post-thumbnail","6":"product_cat-akumulatorowa-pilarka-tarczowa","8":"first","9":"onbackorder","10":"purchasable","11":"product-type-simple"},"_links":{"self":[{"href":"https:\/\/www.keyangtools.com\/pl\/wp-json\/wp\/v2\/product\/32907","targetHints":{"allow":["GET"]}}],"collection":[{"href":"https:\/\/www.keyangtools.com\/pl\/wp-json\/wp\/v2\/product"}],"about":[{"href":"https:\/\/www.keyangtools.com\/pl\/wp-json\/wp\/v2\/types\/product"}],"replies":[{"embeddable":true,"href":"https:\/\/www.keyangtools.com\/pl\/wp-json\/wp\/v2\/comments?post=32907"}],"wp:featuredmedia":[{"embeddable":true,"href":"https:\/\/www.keyangtools.com\/pl\/wp-json\/wp\/v2\/media\/32908"}],"wp:attachment":[{"href":"https:\/\/www.keyangtools.com\/pl\/wp-json\/wp\/v2\/media?parent=32907"}],"wp:term":[{"taxonomy":"product_brand","embeddable":true,"href":"https:\/\/www.keyangtools.com\/pl\/wp-json\/wp\/v2\/product_brand?post=32907"},{"taxonomy":"product_cat","embeddable":true,"href":"https:\/\/www.keyangtools.com\/pl\/wp-json\/wp\/v2\/product_cat?post=32907"},{"taxonomy":"product_tag","embeddable":true,"href":"https:\/\/www.keyangtools.com\/pl\/wp-json\/wp\/v2\/product_tag?post=32907"}],"curies":[{"name":"wp","href":"https:\/\/api.w.org\/{rel}","templated":true}]}}