{"id":32913,"date":"2021-03-24T08:31:54","date_gmt":"2021-03-24T07:31:54","guid":{"rendered":"https:\/\/www.keyangtools.com\/product\/keyang-dg125-15sv-szlifierka-katowa-125-mm-1500w\/"},"modified":"2023-07-03T15:13:20","modified_gmt":"2023-07-03T13:13:20","slug":"keyang-dg125-15sv-szlifierka-katowa-125-mm-1500w","status":"publish","type":"product","link":"https:\/\/www.keyangtools.com\/pl\/produkty\/keyang-dg125-15sv-szlifierka-katowa-125-mm-1500w\/","title":{"rendered":"Keyang DG125-15SV Szlifierka k\u0105towa &#8211; 125 mm &#8211; 1500W"},"content":{"rendered":"<p><strong>NOWO\u015a\u0106 | Cechy Keyang DG125-15SV Szlifierki k\u0105towej &#8211; 125 mm &#8211; 1500W<br \/>\n<\/strong><\/p>\n<ul>\n<li>Regulowana pr\u0119dko\u015b\u0107<\/li>\n<li>Zabezpieczenie przed przeci\u0105\u017ceniem i ponownym uruchomieniem<\/li>\n<li>Uchwyt antywibracyjny<\/li>\n<li>Os\u0142ona zabezpieczaj\u0105ca przed obrotem<\/li>\n<li>Szybka i \u0142atwa regulacja<\/li>\n<li>Bezpo\u015brednie ch\u0142odzenie zapewniaj\u0105ce wysok\u0105 przeci\u0105\u017calno\u015b\u0107 i d\u0142ug\u0105 \u017cywotno\u015b\u0107<\/li>\n<li>Dobra obs\u0142uga dzi\u0119ki smuk\u0142ej obudowie<\/li>\n<li>Nadaje si\u0119 do nakr\u0119tek szybkomocuj\u0105cych SDS<\/li>\n<li>G\u0142owica przek\u0142adni obracana o 90 stopni<\/li>\n<li>Uchwyt mo\u017ce by\u0107 zamontowany po lewej lub prawej stronie<\/li>\n<li>Odpowiednia r\u00f3wnie\u017c dla os\u00f3b lewor\u0119cznych<\/li>\n<\/ul>\n<p><strong>Opis techniczny<\/strong><\/p>\n<ul>\n<li>Moc &#8211; 1500 W<\/li>\n<li>Rozmiar gwintu &#8211; M 14<\/li>\n<li>Pr\u0119dko\u015b\u0107 bez obci\u0105\u017cenia &#8211; 2800-11.000 \/min<\/li>\n<li>Rozmiar tarczy &#8211; 125 mm<\/li>\n<li>Waga &#8211; 1,8 kg<\/li>\n<\/ul>\n<p><b>Zakres dostawy<\/b><\/p>\n<ul>\n<li>Keyang DG125-15SV Szlifierka k\u0105towa &#8211; 125 mm &#8211; 1500W<\/li>\n<li>1 x Pokrowiec ochronny<\/li>\n<li>1 x Uchwyt<\/li>\n<li>1 x Nakr\u0119tka mocuj\u0105ca<\/li>\n<li>1 x Klucz<\/li>\n<li>Dostarczana w walizce<\/li>\n<\/ul>\n","protected":false},"excerpt":{"rendered":"<p><b>Zakres dostawy<\/b><\/p>\n<ul>\n<li>Keyang DG125-15SV Szlifierka k\u0105towa &#8211; 125 mm &#8211; 1500W<\/li>\n<li>1 x Pokrowiec ochronny<\/li>\n<li>1 x Uchwyt<\/li>\n<li>1 x Nakr\u0119tka mocuj\u0105ca<\/li>\n<li>1 x Klucz<\/li>\n<li>Dostarczana w walizce<\/li>\n<\/ul>\n","protected":false},"featured_media":32914,"comment_status":"closed","ping_status":"closed","template":"","meta":[],"product_brand":[],"product_cat":[1164,1163],"product_tag":[],"class_list":{"0":"post-32913","1":"product","2":"type-product","3":"status-publish","4":"has-post-thumbnail","6":"product_cat-szlifierka-katowa","7":"product_cat-urzadzenia","8":"pif-has-gallery","10":"first","11":"instock","12":"purchasable","13":"product-type-simple"},"_links":{"self":[{"href":"https:\/\/www.keyangtools.com\/pl\/wp-json\/wp\/v2\/product\/32913","targetHints":{"allow":["GET"]}}],"collection":[{"href":"https:\/\/www.keyangtools.com\/pl\/wp-json\/wp\/v2\/product"}],"about":[{"href":"https:\/\/www.keyangtools.com\/pl\/wp-json\/wp\/v2\/types\/product"}],"replies":[{"embeddable":true,"href":"https:\/\/www.keyangtools.com\/pl\/wp-json\/wp\/v2\/comments?post=32913"}],"wp:featuredmedia":[{"embeddable":true,"href":"https:\/\/www.keyangtools.com\/pl\/wp-json\/wp\/v2\/media\/32914"}],"wp:attachment":[{"href":"https:\/\/www.keyangtools.com\/pl\/wp-json\/wp\/v2\/media?parent=32913"}],"wp:term":[{"taxonomy":"product_brand","embeddable":true,"href":"https:\/\/www.keyangtools.com\/pl\/wp-json\/wp\/v2\/product_brand?post=32913"},{"taxonomy":"product_cat","embeddable":true,"href":"https:\/\/www.keyangtools.com\/pl\/wp-json\/wp\/v2\/product_cat?post=32913"},{"taxonomy":"product_tag","embeddable":true,"href":"https:\/\/www.keyangtools.com\/pl\/wp-json\/wp\/v2\/product_tag?post=32913"}],"curies":[{"name":"wp","href":"https:\/\/api.w.org\/{rel}","templated":true}]}}