{"id":32917,"date":"2021-03-24T08:30:14","date_gmt":"2021-03-24T07:30:14","guid":{"rendered":"https:\/\/www.keyangtools.com\/product\/keyang-dg852-szlifierka-katowa-125-mm-850w\/"},"modified":"2026-01-07T13:58:09","modified_gmt":"2026-01-07T12:58:09","slug":"keyang-dg852-szlifierka-katowa-125-mm-850w","status":"publish","type":"product","link":"https:\/\/www.keyangtools.com\/pl\/produkty\/keyang-dg852-szlifierka-katowa-125-mm-850w\/","title":{"rendered":"Keyang DG852 Szlifierka k\u0105towa &#8211; 125 mm &#8211; 850W"},"content":{"rendered":"<p><strong>Cechy Keyang DG852 Szlifierki k\u0105towej 125mm 850W<\/strong><\/p>\n<ul>\n<li>Sta\u0142a pr\u0119dko\u015b\u0107<\/li>\n<li>Szczotki w\u0119glowe z automatycznym zatrzymaniem<\/li>\n<li>Os\u0142ona zabezpieczaj\u0105ca przed obrotem<\/li>\n<li>Os\u0142ona ochronna szybko i \u0142atwo ustawiana, chroni\u0105ca niezawodnie<\/li>\n<li>Bezpo\u015brednie ch\u0142odzenie dla wysokiej przeci\u0105\u017calno\u015bci i d\u0142ugiej \u017cywotno\u015bci<\/li>\n<li>Dobra obs\u0142uga dzi\u0119ki smuk\u0142ej obudowie<\/li>\n<li>Pasuje do nakr\u0119tki szybkomocuj\u0105cej SDS<\/li>\n<li>Mo\u017cliwo\u015b\u0107 monta\u017cu uchwytu z lewej lub prawej strony<\/li>\n<li>Odpowiednia r\u00f3wnie\u017c dla os\u00f3b lewor\u0119cznych<\/li>\n<\/ul>\n<p><strong>Opis techniczny<\/strong><\/p>\n<ul>\n<li>Moc &#8211; 850 W<\/li>\n<li>Rozmiar gwintu &#8211; M 14<\/li>\n<li>Pr\u0119dko\u015b\u0107 bez obci\u0105\u017cenia &#8211; 11.000 \/min<\/li>\n<li>Rozmiar tarczy &#8211; 125 mm<\/li>\n<li>Waga &#8211; 1,9 kg<\/li>\n<\/ul>\n<p><strong>Zakres dostawy<\/strong><\/p>\n<ul>\n<li>Keyang DG852 Szlifierka k\u0105towa &#8211; 125 mm &#8211; 850W<\/li>\n<li>1 x Pokrowiec ochronny<\/li>\n<li>1 x Uchwyt<\/li>\n<li>1 x Nakr\u0119tka mocuj\u0105ca<\/li>\n<li>1 x Klucz<\/li>\n<\/ul>\n","protected":false},"excerpt":{"rendered":"<table>\n<tbody>\n<tr>\n<td class=\"echotable\"><a href=\"https:\/\/www.kem-europe.eu\/wp-content\/uploads\/2018\/02\/Untitled-1-1.jpg\"><img decoding=\"async\" class=\"alignnone size-full wp-image-24330\" src=\"https:\/\/www.kem-europe.eu\/wp-content\/uploads\/2018\/02\/Untitled-1-1.jpg\" alt=\"\" width=\"57\" height=\"57\" \/><\/a>Podw\u00f3jna izolacja<\/td>\n<td class=\"echotable\"><a href=\"https:\/\/www.kem-europe.eu\/wp-content\/uploads\/2018\/02\/3-1.jpg\"><img decoding=\"async\" class=\"alignnone size-full wp-image-24308\" src=\"https:\/\/www.kem-europe.eu\/wp-content\/uploads\/2018\/02\/3-1.jpg\" alt=\"\" width=\"57\" height=\"57\" \/><\/a>Niewielka waga<\/td>\n<\/tr>\n<tr>\n<td class=\"echotable\"><a href=\"https:\/\/www.kem-europe.eu\/wp-content\/uploads\/2018\/02\/11-1.jpg\"><img decoding=\"async\" class=\"alignnone size-full wp-image-24316\" src=\"https:\/\/www.kem-europe.eu\/wp-content\/uploads\/2018\/02\/11-1.jpg\" alt=\"\" width=\"57\" height=\"57\" \/><\/a>Uchwyt boczny<\/td>\n<td class=\"echotable\"><a href=\"https:\/\/www.kem-europe.eu\/wp-content\/uploads\/2018\/02\/14-1.jpg\"><img decoding=\"async\" class=\"alignnone size-full wp-image-24319\" src=\"https:\/\/www.kem-europe.eu\/wp-content\/uploads\/2018\/02\/14-1.jpg\" alt=\"\" width=\"57\" height=\"57\" \/><\/a>Samozatrzymuj\u0105ce si\u0119 szczotki w\u0119glowe<\/td>\n<\/tr>\n<\/tbody>\n<\/table>\n<p>&nbsp;<\/p>\n<p><strong>Aby uzyska\u0107 pe\u0142ny przegl\u0105d r\u00f3\u017cnych symboli, kliknij <a href=\"https:\/\/www.keyangtools.com\/keyang-symbolism\/\">\u00a0tutaj<\/a>!<\/strong><\/p>\n<p>&nbsp;<\/p>\n<p><strong>Zakres dostawy<\/strong><\/p>\n<ul>\n<li>Keyang DG852 Szlifierka k\u0105towa &#8211; 125 mm &#8211; 850W<\/li>\n<li>1 x Pokrowiec ochronny<\/li>\n<li>1 x Uchwyt<\/li>\n<li>1 x Nakr\u0119tka mocuj\u0105ca<\/li>\n<li>1 x Klucz<\/li>\n<li>Dostarczana w opakowaniu<\/li>\n<\/ul>\n","protected":false},"featured_media":32918,"comment_status":"closed","ping_status":"closed","template":"","meta":[],"product_brand":[],"product_cat":[1164,1163],"product_tag":[],"class_list":{"0":"post-32917","1":"product","2":"type-product","3":"status-publish","4":"has-post-thumbnail","6":"product_cat-szlifierka-katowa","7":"product_cat-urzadzenia","8":"pif-has-gallery","10":"first","11":"onbackorder","12":"purchasable","13":"product-type-simple"},"_links":{"self":[{"href":"https:\/\/www.keyangtools.com\/pl\/wp-json\/wp\/v2\/product\/32917","targetHints":{"allow":["GET"]}}],"collection":[{"href":"https:\/\/www.keyangtools.com\/pl\/wp-json\/wp\/v2\/product"}],"about":[{"href":"https:\/\/www.keyangtools.com\/pl\/wp-json\/wp\/v2\/types\/product"}],"replies":[{"embeddable":true,"href":"https:\/\/www.keyangtools.com\/pl\/wp-json\/wp\/v2\/comments?post=32917"}],"wp:featuredmedia":[{"embeddable":true,"href":"https:\/\/www.keyangtools.com\/pl\/wp-json\/wp\/v2\/media\/32918"}],"wp:attachment":[{"href":"https:\/\/www.keyangtools.com\/pl\/wp-json\/wp\/v2\/media?parent=32917"}],"wp:term":[{"taxonomy":"product_brand","embeddable":true,"href":"https:\/\/www.keyangtools.com\/pl\/wp-json\/wp\/v2\/product_brand?post=32917"},{"taxonomy":"product_cat","embeddable":true,"href":"https:\/\/www.keyangtools.com\/pl\/wp-json\/wp\/v2\/product_cat?post=32917"},{"taxonomy":"product_tag","embeddable":true,"href":"https:\/\/www.keyangtools.com\/pl\/wp-json\/wp\/v2\/product_tag?post=32917"}],"curies":[{"name":"wp","href":"https:\/\/api.w.org\/{rel}","templated":true}]}}