{"id":32921,"date":"2021-03-24T08:28:56","date_gmt":"2021-03-24T07:28:56","guid":{"rendered":"https:\/\/www.keyangtools.com\/product\/keyang-dg924avta-szlifierka-katowa-230mm-2400w\/"},"modified":"2023-07-03T15:32:53","modified_gmt":"2023-07-03T13:32:53","slug":"keyang-dg924avta-szlifierka-katowa-230mm-2400w","status":"publish","type":"product","link":"https:\/\/www.keyangtools.com\/pl\/produkty\/keyang-dg924avta-szlifierka-katowa-230mm-2400w\/","title":{"rendered":"Keyang DG924AVTA Szlifierka k\u0105towa 230mm 2400W"},"content":{"rendered":"<p><strong>Cechy DG924AVTA Szlifierki k\u0105towej 230mm Keyang<\/strong><\/p>\n<ul>\n<li>Mi\u0119kki uchwyt<\/li>\n<li>Mocny silnik 2400 W<\/li>\n<li>Mi\u0119kki start<\/li>\n<li>Prze\u0142\u0105cznik blokuj\u0105cy<\/li>\n<li>Antywibracyjny uchwyt gumowy<\/li>\n<li>Regulowany uchwyt 2x 90\u00b0<\/li>\n<li>Zabezpieczenie przed przekr\u0119ceniem<\/li>\n<li>Szybka wymiana os\u0142ony tarczy bez u\u017cycia narz\u0119dzi<\/li>\n<li>Szybka i \u0142atwa regulacja<\/li>\n<li>Bezpo\u015brednie ch\u0142odzenie dla du\u017cej przeci\u0105\u017calno\u015bci i d\u0142ugiej \u017cywotno\u015bci<\/li>\n<li>Pasuje do nakr\u0119tki szybkomocuj\u0105cej SDS<\/li>\n<li>Uchwyt z lewej i prawej strony do monta\u017cu<\/li>\n<\/ul>\n<p><strong>Opis techniczny<\/strong><\/p>\n<ul>\n<li>Moc &#8211; 2400 W<\/li>\n<li>Rozmiar gwintu &#8211; M 14<\/li>\n<li>Typ tarczy do szlifowania &#8211; TYP27<\/li>\n<li>Typ tarczy do ci\u0119cia &#8211; TYP42<\/li>\n<li>Pr\u0119dko\u015b\u0107 bez obci\u0105\u017cenia &#8211; 0-6.500 \/min<\/li>\n<li>\u015arednica &#8211; 230 mm<\/li>\n<li>Waga &#8211; 4,9 kg<\/li>\n<\/ul>\n<p><strong>Zakres dostawy<\/strong><\/p>\n<ul>\n<li>Keyang DG924AVT Szlifierka k\u0105towa 230mm 2400W<\/li>\n<li>1 x Pokrowiec ochronny<\/li>\n<li>1 x Uchwyt<\/li>\n<li>1 x Nakr\u0119tka mocuj\u0105ca<\/li>\n<li>1 x Klucz<\/li>\n<li>Dostarczana w opakowaniu<\/li>\n<\/ul>\n","protected":false},"excerpt":{"rendered":"<table>\n<tbody>\n<tr>\n<td class=\"echotable\"><a href=\"https:\/\/www.kem-europe.eu\/wp-content\/uploads\/2018\/02\/Untitled-1-1.jpg\"><img decoding=\"async\" class=\"alignnone size-full wp-image-24330\" src=\"https:\/\/www.kem-europe.eu\/wp-content\/uploads\/2018\/02\/Untitled-1-1.jpg\" alt=\"\" width=\"57\" height=\"57\" \/><\/a>Podw\u00f3jna izolacja<\/td>\n<td class=\"echotable\"><a href=\"https:\/\/www.kem-europe.eu\/wp-content\/uploads\/2018\/02\/15-1.jpg\"><img decoding=\"async\" class=\"alignnone size-full wp-image-24320\" src=\"https:\/\/www.kem-europe.eu\/wp-content\/uploads\/2018\/02\/15-1.jpg\" alt=\"\" width=\"57\" height=\"57\" \/><\/a>Mi\u0119kki start<\/td>\n<\/tr>\n<tr>\n<td class=\"echotable\"><a href=\"https:\/\/www.kem-europe.eu\/wp-content\/uploads\/2018\/02\/11-1.jpg\"><img decoding=\"async\" class=\"alignnone size-full wp-image-24316\" src=\"https:\/\/www.kem-europe.eu\/wp-content\/uploads\/2018\/02\/11-1.jpg\" alt=\"\" width=\"57\" height=\"57\" \/><\/a>Uchwyt boczny<\/td>\n<td class=\"echotable\"><a href=\"https:\/\/www.kem-europe.eu\/wp-content\/uploads\/2018\/02\/14-1.jpg\"><img decoding=\"async\" class=\"alignnone size-full wp-image-24319\" src=\"https:\/\/www.kem-europe.eu\/wp-content\/uploads\/2018\/02\/14-1.jpg\" alt=\"\" width=\"57\" height=\"57\" \/><\/a>Szczotki w\u0119glowe z automatycznym<\/p>\n<p>zatrzymaniem<\/td>\n<\/tr>\n<\/tbody>\n<\/table>\n<p>&nbsp;<\/p>\n<p>Aby uzyska\u0107 pe\u0142ny przegl\u0105d r\u00f3\u017cnych symboli, kliknij <a href=\"https:\/\/www.keyangtools.com\/pl\/symbolika-keyang\/\">tutaj<\/a>!<\/p>\n<p>&nbsp;<\/p>\n<p><strong>Zakres dostawy<\/strong><\/p>\n<ul>\n<li>Keyang DG924AVT Szlifierka k\u0105towa 230mm 2400W<\/li>\n<li>1 x Pokrowiec ochronny<\/li>\n<li>1 x Uchwyt<\/li>\n<li>1 x Nakr\u0119tka mocuj\u0105ca<\/li>\n<li>1 x Klucz<\/li>\n<li>Dostarczana w opakowaniu<\/li>\n<\/ul>\n","protected":false},"featured_media":32922,"comment_status":"closed","ping_status":"closed","template":"","meta":[],"product_brand":[],"product_cat":[1164,1163],"product_tag":[],"class_list":{"0":"post-32921","1":"product","2":"type-product","3":"status-publish","4":"has-post-thumbnail","6":"product_cat-szlifierka-katowa","7":"product_cat-urzadzenia","8":"pif-has-gallery","10":"first","11":"onbackorder","12":"purchasable","13":"product-type-simple"},"_links":{"self":[{"href":"https:\/\/www.keyangtools.com\/pl\/wp-json\/wp\/v2\/product\/32921","targetHints":{"allow":["GET"]}}],"collection":[{"href":"https:\/\/www.keyangtools.com\/pl\/wp-json\/wp\/v2\/product"}],"about":[{"href":"https:\/\/www.keyangtools.com\/pl\/wp-json\/wp\/v2\/types\/product"}],"replies":[{"embeddable":true,"href":"https:\/\/www.keyangtools.com\/pl\/wp-json\/wp\/v2\/comments?post=32921"}],"wp:featuredmedia":[{"embeddable":true,"href":"https:\/\/www.keyangtools.com\/pl\/wp-json\/wp\/v2\/media\/32922"}],"wp:attachment":[{"href":"https:\/\/www.keyangtools.com\/pl\/wp-json\/wp\/v2\/media?parent=32921"}],"wp:term":[{"taxonomy":"product_brand","embeddable":true,"href":"https:\/\/www.keyangtools.com\/pl\/wp-json\/wp\/v2\/product_brand?post=32921"},{"taxonomy":"product_cat","embeddable":true,"href":"https:\/\/www.keyangtools.com\/pl\/wp-json\/wp\/v2\/product_cat?post=32921"},{"taxonomy":"product_tag","embeddable":true,"href":"https:\/\/www.keyangtools.com\/pl\/wp-json\/wp\/v2\/product_tag?post=32921"}],"curies":[{"name":"wp","href":"https:\/\/api.w.org\/{rel}","templated":true}]}}