{"id":32926,"date":"2021-03-24T08:26:48","date_gmt":"2021-03-24T07:26:48","guid":{"rendered":"https:\/\/www.keyangtools.com\/product\/keyang-hc14k-pilarka-rozdrabniajaca-2300w\/"},"modified":"2023-07-03T15:39:57","modified_gmt":"2023-07-03T13:39:57","slug":"keyang-hc14k-pilarka-rozdrabniajaca-przecinarka-2300w","status":"publish","type":"product","link":"https:\/\/www.keyangtools.com\/pl\/produkty\/keyang-hc14k-pilarka-rozdrabniajaca-przecinarka-2300w\/","title":{"rendered":"Keyang HC14K Pilarka rozdrabniaj\u0105ca\/ Przecinarka 2300W"},"content":{"rendered":"<p><strong>Cechy Keyang HC14K Przecinarki 2300W<br \/>\n<\/strong><\/p>\n<ul>\n<li>Mocny silnik 2300 W<\/li>\n<li>Blokada wrzeciona<\/li>\n<li>Uchwyt typu D dla wi\u0119kszego bezpiecze\u0144stwa<\/li>\n<li>Pe\u0142na os\u0142ona tarczy szlifierskiej<\/li>\n<li>Mi\u0119kki start<\/li>\n<\/ul>\n<p><strong>Opis techniczny<\/strong><\/p>\n<ul>\n<li>\u015arednica &#8211; 355 mm<\/li>\n<li>Moc &#8211; 2300W<\/li>\n<li>Pr\u0119dko\u015b\u0107 obrotowa bez obci\u0105\u017cenia &#8211; 3900 \/min<\/li>\n<li>Rozmiar trzpienia &#8211; 25,4 mm<\/li>\n<li>Waga &#8211; 17,5 kg<\/li>\n<li>Zasi\u0119g pr\u0119ta okr\u0105g\u0142ego &#8211; 58 mm<\/li>\n<li>Zakres rury okr\u0105g\u0142ej &#8211; 110 mm<\/li>\n<li>Rura dystansowa -110 x 130 mm<\/li>\n<\/ul>\n<p><strong>Zakres dostawy<\/strong><\/p>\n<ul>\n<li>Keyang HC14K Przecinarka 2300W<\/li>\n<li>Wraz z tarcz\u0105 tzn\u0105c\u0105 355 mm<\/li>\n<li>Dostawa w opakowaniu<\/li>\n<\/ul>\n","protected":false},"excerpt":{"rendered":"<table>\n<tbody>\n<tr>\n<td class=\"echotable\"><a href=\"https:\/\/www.kem-europe.eu\/wp-content\/uploads\/2018\/02\/Untitled-1-1.jpg\"><img decoding=\"async\" class=\"alignnone wp-image-24330 size-full\" src=\"https:\/\/www.kem-europe.eu\/wp-content\/uploads\/2018\/02\/Untitled-1-1.jpg\" alt=\"symbool KEYANG\" width=\"57\" height=\"57\" \/><\/a>Podw\u00f3jna izolacja<\/td>\n<\/tr>\n<\/tbody>\n<\/table>\n<p>&nbsp;<\/p>\n<p><strong>Aby uzyska\u0107 pe\u0142ny przegl\u0105d r\u00f3\u017cnych symboli, kliknij <a href=\"https:\/\/www.keyangtools.com\/pl\/symbolika-keyang\/\">tutaj!<\/a><\/strong><\/p>\n<p>&nbsp;<\/p>\n<p><strong>Zakres dostawy<\/strong><\/p>\n<ul>\n<li>Keyang HC14K Przecinarka 2300W<\/li>\n<li>Wraz z tarcz\u0105 tzn\u0105c\u0105 355 mm<\/li>\n<li>Dostawa w opakowaniu<\/li>\n<\/ul>\n<p>&nbsp;<\/p>\n","protected":false},"featured_media":32927,"comment_status":"closed","ping_status":"closed","template":"","meta":[],"product_brand":[],"product_cat":[1166,1163],"product_tag":[],"class_list":{"0":"post-32926","1":"product","2":"type-product","3":"status-publish","4":"has-post-thumbnail","6":"product_cat-pila-tnaca","7":"product_cat-urzadzenia","8":"pif-has-gallery","10":"first","11":"onbackorder","12":"purchasable","13":"product-type-simple"},"_links":{"self":[{"href":"https:\/\/www.keyangtools.com\/pl\/wp-json\/wp\/v2\/product\/32926","targetHints":{"allow":["GET"]}}],"collection":[{"href":"https:\/\/www.keyangtools.com\/pl\/wp-json\/wp\/v2\/product"}],"about":[{"href":"https:\/\/www.keyangtools.com\/pl\/wp-json\/wp\/v2\/types\/product"}],"replies":[{"embeddable":true,"href":"https:\/\/www.keyangtools.com\/pl\/wp-json\/wp\/v2\/comments?post=32926"}],"wp:featuredmedia":[{"embeddable":true,"href":"https:\/\/www.keyangtools.com\/pl\/wp-json\/wp\/v2\/media\/32927"}],"wp:attachment":[{"href":"https:\/\/www.keyangtools.com\/pl\/wp-json\/wp\/v2\/media?parent=32926"}],"wp:term":[{"taxonomy":"product_brand","embeddable":true,"href":"https:\/\/www.keyangtools.com\/pl\/wp-json\/wp\/v2\/product_brand?post=32926"},{"taxonomy":"product_cat","embeddable":true,"href":"https:\/\/www.keyangtools.com\/pl\/wp-json\/wp\/v2\/product_cat?post=32926"},{"taxonomy":"product_tag","embeddable":true,"href":"https:\/\/www.keyangtools.com\/pl\/wp-json\/wp\/v2\/product_tag?post=32926"}],"curies":[{"name":"wp","href":"https:\/\/api.w.org\/{rel}","templated":true}]}}