{"id":32930,"date":"2021-03-24T08:25:07","date_gmt":"2021-03-24T07:25:07","guid":{"rendered":"https:\/\/www.keyangtools.com\/product\/keyang-kh5000m-mlot-kujacy-1050w-sds-max\/"},"modified":"2024-01-15T09:30:40","modified_gmt":"2024-01-15T08:30:40","slug":"keyang-kh5000m-mlot-kujacy-1050w-sds-max","status":"publish","type":"product","link":"https:\/\/www.keyangtools.com\/pl\/produkty\/keyang-kh5000m-mlot-kujacy-1050w-sds-max\/","title":{"rendered":"Keyang KH5000M M\u0142ot kuj\u0105cy &#8211; 1050W &#8211; SDS Max"},"content":{"rendered":"<p><em><strong>Dlaczego warto wybra\u0107 Keyang?<\/strong><\/em><br \/>\nKorea\u0144ska marka produkuje od ponad 40 lat wysokiej jako\u015bci maszyny dla sektora przemys\u0142owego i budowlanego. Od ponad 25 lat produkuje r\u00f3wnie\u017c dla kilku marek A na rynku europejskim (w tym Kress &amp; Spit). Keyang przewy\u017csza swoich konkurent\u00f3w, dostarczaj\u0105c doskona\u0142\u0105 jako\u015b\u0107 w rozs\u0105dnej cenie. Z pozycji lidera na rynku korea\u0144skim, firma zacz\u0119\u0142a koncentrowa\u0107 si\u0119 r\u00f3wnie\u017c na rynku europejskim. W stosunkowo kr\u00f3tkim czasie korea\u0144ska marka sta\u0142a si\u0119 zaufan\u0105 mark\u0105 w sektorze budowlanym. Nie ma to nic wsp\u00f3lnego ze sprytnym marketingiem, ale z wiar\u0105, \u017ce ma\u0142ymi krokami mo\u017cna zaj\u015b\u0107 wysoko w biznesie.<\/p>\n<p><em><strong>Dlaczego warto wybra\u0107 Keyang KH5000M?<\/strong><\/em><br \/>\nKH5000M jest pod wzgl\u0119dem jako\u015bci i u\u017cytkowania absolutnie por\u00f3wnywalny z innymi markami A na rynku. \u015amiemy nawet twierdzi\u0107, \u017ce Keyang KH5000M jest w wielu przypadkach wy\u017cszej jako\u015bci. Dzi\u0119ki pomys\u0142owej konstrukcji maszyna ta jest bardzo trwa\u0142a i gwarantuje d\u0142ug\u0105 \u017cywotno\u015b\u0107.<\/p>\n<p><strong>Cechy Keyang KH5000M M\u0142otu kuj\u0105cego &#8211; 1050W &#8211; SDS Max<\/strong><\/p>\n<ul>\n<li>Absolutna jako\u015b\u0107 A z 3-letni\u0105 gwarancj\u0105 producenta<\/li>\n<li>Ergonomiczna, kompaktowa i smuk\u0142a konstrukcja dla wi\u0119kszej kontroli i \u0142atwej pracy w ograniczonych przestrzeniach<\/li>\n<li>Mi\u0119kka gumowa pow\u0142oka na r\u0119koje\u015bci zmniejsza przenoszenie drga\u0144 na d\u0142onie, co zmniejsza zm\u0119czenie przy ci\u0105g\u0142ym u\u017cytkowaniu<\/li>\n<li>Idealna do lekkich prac rozbi\u00f3rkowych, przygotowywania powierzchni lub wykonywania wykop\u00f3w i otwor\u00f3w przelotowych w kamieniu, murze i lekkim betonie<\/li>\n<li>Doskona\u0142y stosunek mocy do wagi: 7,5 d\u017cula energii uderzenia dostarczanej przez m\u0142ot o masie 5 kg<\/li>\n<li>System Active Vibration Control z p\u0142ywaj\u0105cym uchwytem tylnym i amortyzowanym uchwytem bocznym redukuje wibracje<\/li>\n<li>Przedni uchwyt mo\u017cna obraca\u0107 o 360\u00b0 i blokowa\u0107 pod r\u00f3\u017cnymi k\u0105tami<\/li>\n<li>D\u0142uto mo\u017cna zablokowa\u0107 w 12 r\u00f3\u017cnych pozycjach, aby uzyska\u0107 najlepszy k\u0105t w zale\u017cno\u015bci od charakteru pracy<\/li>\n<li>Elektroniczny wska\u017anik zu\u017cycia\/obs\u0142ugi szczotek<\/li>\n<\/ul>\n<div>\n<p><strong>Opis techniczny<\/strong><\/p>\n<ul>\n<li>Moc &#8211; 1050 W<\/li>\n<li>Cz\u0119stotliwo\u015b\u0107 udaru bez obci\u0105\u017cenia &#8211; 3500 \/min<\/li>\n<li>Si\u0142a uderzenia &#8211; 7,5 J<\/li>\n<li>Waga &#8211; 5,4 kg<\/li>\n<li>Smarowanie &#8211; smar<\/li>\n<li>Uchwyt &#8211; SDS-Max<\/li>\n<\/ul>\n<div>\n<p><strong>Zakres dostawy<\/strong><\/p>\n<ul>\n<li>Keyang KH5000M M\u0142ot kuj\u0105cy &#8211; 1050W &#8211; SDS Max<\/li>\n<li>1 x Smar<\/li>\n<li>1 x Regulowany, anty-wibracyjny uchwyt boczny<\/li>\n<li>Dostarczany w walizce<\/li>\n<\/ul>\n<\/div>\n<\/div>\n","protected":false},"excerpt":{"rendered":"<p>https:\/\/www.youtube.com\/embed\/-KqWmyLIy80<\/p>\n<p>&nbsp;<\/p>\n<p><strong>Zakres dostawy<\/strong><\/p>\n<ul>\n<li>Keyang KH5000M M\u0142ot kuj\u0105cy &#8211; 1050W &#8211; SDS Max<\/li>\n<li>1 x Smar<\/li>\n<li>1 x Antywibracyjny uchwyt boczny<\/li>\n<li>Dostarczany w walizce<\/li>\n<\/ul>\n","protected":false},"featured_media":32931,"comment_status":"closed","ping_status":"closed","template":"","meta":[],"product_brand":[],"product_cat":[1169,1163],"product_tag":[],"class_list":{"0":"post-32930","1":"product","2":"type-product","3":"status-publish","4":"has-post-thumbnail","6":"product_cat-mlot-wyburzeniowy","7":"product_cat-urzadzenia","9":"first","10":"instock","11":"purchasable","12":"product-type-simple"},"_links":{"self":[{"href":"https:\/\/www.keyangtools.com\/pl\/wp-json\/wp\/v2\/product\/32930","targetHints":{"allow":["GET"]}}],"collection":[{"href":"https:\/\/www.keyangtools.com\/pl\/wp-json\/wp\/v2\/product"}],"about":[{"href":"https:\/\/www.keyangtools.com\/pl\/wp-json\/wp\/v2\/types\/product"}],"replies":[{"embeddable":true,"href":"https:\/\/www.keyangtools.com\/pl\/wp-json\/wp\/v2\/comments?post=32930"}],"wp:featuredmedia":[{"embeddable":true,"href":"https:\/\/www.keyangtools.com\/pl\/wp-json\/wp\/v2\/media\/32931"}],"wp:attachment":[{"href":"https:\/\/www.keyangtools.com\/pl\/wp-json\/wp\/v2\/media?parent=32930"}],"wp:term":[{"taxonomy":"product_brand","embeddable":true,"href":"https:\/\/www.keyangtools.com\/pl\/wp-json\/wp\/v2\/product_brand?post=32930"},{"taxonomy":"product_cat","embeddable":true,"href":"https:\/\/www.keyangtools.com\/pl\/wp-json\/wp\/v2\/product_cat?post=32930"},{"taxonomy":"product_tag","embeddable":true,"href":"https:\/\/www.keyangtools.com\/pl\/wp-json\/wp\/v2\/product_tag?post=32930"}],"curies":[{"name":"wp","href":"https:\/\/api.w.org\/{rel}","templated":true}]}}