{"id":32932,"date":"2021-03-24T08:23:34","date_gmt":"2021-03-24T07:23:34","guid":{"rendered":"https:\/\/www.keyangtools.com\/product\/keyang-dmv13k-klucz-udarowy-650w\/"},"modified":"2023-07-04T14:26:20","modified_gmt":"2023-07-04T12:26:20","slug":"keyang-dmv13k-klucz-udarowy-650w","status":"publish","type":"product","link":"https:\/\/www.keyangtools.com\/pl\/produkty\/keyang-dmv13k-klucz-udarowy-650w\/","title":{"rendered":"Keyang DMV13K Klucz udarowy &#8211; 650W"},"content":{"rendered":"<p><strong>Cechy Keyang DMV13K Klucza udarowego &#8211; 650W<br \/>\n<\/strong><\/p>\n<ul>\n<li>Bezstopniowe ustalanie pr\u0119dko\u015bci wiercenia<\/li>\n<li>Oddzielny tryb bicia i wiercenia<\/li>\n<li>O\u015bwietlenie LED<\/li>\n<li>Podw\u00f3jna izolacja<\/li>\n<\/ul>\n<p><strong>Opis techniczny<\/strong><\/p>\n<ul>\n<li>Moc &#8211; 650W<\/li>\n<li>Pr\u0119dko\u015b\u0107 bez obci\u0105\u017cenia &#8211; 0-2800\/min<\/li>\n<li>Pr\u0119dko\u015b\u0107 skoku bez obci\u0105\u017cenia &#8211; 0 &#8211; 44.800 \/min<\/li>\n<li>Uchwyt &#8211; uchwyt szybkomocuj\u0105cy 13mm<\/li>\n<li>Maks. wydajno\u015b\u0107 betonu &#8211; 13 mm<\/li>\n<li>Maks. no\u015bno\u015b\u0107 stali &#8211; 10 mm<\/li>\n<li>Waga &#8211; 1,65 kg<\/li>\n<\/ul>\n<p><strong>Zakres dostawy<\/strong><\/p>\n<ul>\n<li>Keyang DMV13K Klucz udarowy &#8211; 650W<\/li>\n<li>1 x Uchwyt<\/li>\n<li>1 x Ogranicznik g\u0142\u0119boko\u015bci<\/li>\n<li>Dostarczany w walizce<\/li>\n<\/ul>\n","protected":false},"excerpt":{"rendered":"<p><strong>Zakres dostawy<\/strong><\/p>\n<ul>\n<li>Keyang DMV13K Klucz udarowy &#8211; 650W<\/li>\n<li>1 x Uchwyt<\/li>\n<li>1 x Ogranicznik g\u0142\u0119boko\u015bci<\/li>\n<li>Dostarczany w walizce<\/li>\n<\/ul>\n","protected":false},"featured_media":32933,"comment_status":"closed","ping_status":"closed","template":"","meta":[],"product_brand":[],"product_cat":[1163,1170],"product_tag":[],"class_list":{"0":"post-32932","1":"product","2":"type-product","3":"status-publish","4":"has-post-thumbnail","6":"product_cat-urzadzenia","7":"product_cat-wiertarka-udarowa","9":"first","10":"instock","11":"purchasable","12":"product-type-simple"},"_links":{"self":[{"href":"https:\/\/www.keyangtools.com\/pl\/wp-json\/wp\/v2\/product\/32932","targetHints":{"allow":["GET"]}}],"collection":[{"href":"https:\/\/www.keyangtools.com\/pl\/wp-json\/wp\/v2\/product"}],"about":[{"href":"https:\/\/www.keyangtools.com\/pl\/wp-json\/wp\/v2\/types\/product"}],"replies":[{"embeddable":true,"href":"https:\/\/www.keyangtools.com\/pl\/wp-json\/wp\/v2\/comments?post=32932"}],"wp:featuredmedia":[{"embeddable":true,"href":"https:\/\/www.keyangtools.com\/pl\/wp-json\/wp\/v2\/media\/32933"}],"wp:attachment":[{"href":"https:\/\/www.keyangtools.com\/pl\/wp-json\/wp\/v2\/media?parent=32932"}],"wp:term":[{"taxonomy":"product_brand","embeddable":true,"href":"https:\/\/www.keyangtools.com\/pl\/wp-json\/wp\/v2\/product_brand?post=32932"},{"taxonomy":"product_cat","embeddable":true,"href":"https:\/\/www.keyangtools.com\/pl\/wp-json\/wp\/v2\/product_cat?post=32932"},{"taxonomy":"product_tag","embeddable":true,"href":"https:\/\/www.keyangtools.com\/pl\/wp-json\/wp\/v2\/product_tag?post=32932"}],"curies":[{"name":"wp","href":"https:\/\/api.w.org\/{rel}","templated":true}]}}