{"id":32934,"date":"2021-03-23T16:29:59","date_gmt":"2021-03-23T15:29:59","guid":{"rendered":"https:\/\/www.keyangtools.com\/product\/keyang-dd20blh100e-akumulatorowa-wkretarka-wiertarka18v-5-0ah\/"},"modified":"2024-01-15T09:30:56","modified_gmt":"2024-01-15T08:30:56","slug":"keyang-dd20blh100e-akumulatorowa-wkretarko-wiertarka18v-5-0ah","status":"publish","type":"product","link":"https:\/\/www.keyangtools.com\/pl\/produkty\/keyang-dd20blh100e-akumulatorowa-wkretarko-wiertarka18v-5-0ah\/","title":{"rendered":"Keyang DD20BLH100E Akumulatorowa wkr\u0119tarko-wiertarka &#8211; 18V &#8211; 5.0Ah"},"content":{"rendered":"<p><img decoding=\"async\" class=\"wp-image-33361 size-full aligncenter\" src=\"https:\/\/www.keyangtools.com\/wp-content\/uploads\/2022\/09\/DD20BLH-100E-PL.png\" alt=\"Keyang DD20BLH100E Akumulatorowa wkr\u0119tarko-wiertarka - 18V - 5.0Ah\" width=\"800\" height=\"8026\" srcset=\"https:\/\/www.keyangtools.com\/wp-content\/uploads\/2022\/09\/DD20BLH-100E-PL.png 800w, https:\/\/www.keyangtools.com\/wp-content\/uploads\/2022\/09\/DD20BLH-100E-PL-30x300.png 30w, https:\/\/www.keyangtools.com\/wp-content\/uploads\/2022\/09\/DD20BLH-100E-PL-102x1024.png 102w, https:\/\/www.keyangtools.com\/wp-content\/uploads\/2022\/09\/DD20BLH-100E-PL-768x7705.png 768w, https:\/\/www.keyangtools.com\/wp-content\/uploads\/2022\/09\/DD20BLH-100E-PL-153x1536.png 153w, https:\/\/www.keyangtools.com\/wp-content\/uploads\/2022\/09\/DD20BLH-100E-PL-204x2048.png 204w, https:\/\/www.keyangtools.com\/wp-content\/uploads\/2022\/09\/DD20BLH-100E-PL-560x5618.png 560w\" sizes=\"(max-width: 800px) 100vw, 800px\" \/><\/p>\n","protected":false},"excerpt":{"rendered":"<p><strong>Zakres dostawy<\/strong><\/p>\n<ul>\n<li>Keyang DD20BLH100E Akumulatorowa wkr\u0119tarko-wiertarka<\/li>\n<li>2 x Li-ion Akumulator 5.0 Ah<\/li>\n<li>1 x Szybko\u0142adowarka<\/li>\n<li>1 x Dodatkowy uchwyt<\/li>\n<li>Dostarczana w walizce<\/li>\n<\/ul>\n<p>&nbsp;<\/p>\n<p><strong><em>Dlaczego Keyang?<\/em><\/strong><\/p>\n<p>Korea\u0144ska marka produkuje od ponad 40 lat wysokiej jako\u015bci maszyny dla sektora przemys\u0142owego i budowlanego. Od ponad 25 lat produkuje r\u00f3wnie\u017c dla kilku marek A na rynku europejskim (w tym Kress &amp; Spit). Keyang przewy\u017csza swoich konkurent\u00f3w, dostarczaj\u0105c doskona\u0142\u0105 jako\u015b\u0107 w rozs\u0105dnej cenie. Z pozycji lidera na rynku korea\u0144skim, firma zacz\u0119\u0142a koncentrowa\u0107 si\u0119 r\u00f3wnie\u017c na rynku europejskim. W stosunkowo kr\u00f3tkim czasie korea\u0144ska marka sta\u0142a si\u0119 zaufan\u0105 mark\u0105 w sektorze budowlanym. Nie ma to nic wsp\u00f3lnego ze sprytnym marketingiem, ale z wiar\u0105, \u017ce ma\u0142ymi krokami mo\u017cna zaj\u015b\u0107 wysoko w biznesie.<\/p>\n","protected":false},"featured_media":32940,"comment_status":"closed","ping_status":"closed","template":"","meta":[],"product_brand":[],"product_cat":[1150],"product_tag":[],"class_list":{"0":"post-32934","1":"product","2":"type-product","3":"status-publish","4":"has-post-thumbnail","6":"product_cat-akumulatorowa-wiertarka","7":"pif-has-gallery","9":"first","10":"instock","11":"purchasable","12":"product-type-simple"},"_links":{"self":[{"href":"https:\/\/www.keyangtools.com\/pl\/wp-json\/wp\/v2\/product\/32934","targetHints":{"allow":["GET"]}}],"collection":[{"href":"https:\/\/www.keyangtools.com\/pl\/wp-json\/wp\/v2\/product"}],"about":[{"href":"https:\/\/www.keyangtools.com\/pl\/wp-json\/wp\/v2\/types\/product"}],"replies":[{"embeddable":true,"href":"https:\/\/www.keyangtools.com\/pl\/wp-json\/wp\/v2\/comments?post=32934"}],"wp:featuredmedia":[{"embeddable":true,"href":"https:\/\/www.keyangtools.com\/pl\/wp-json\/wp\/v2\/media\/32940"}],"wp:attachment":[{"href":"https:\/\/www.keyangtools.com\/pl\/wp-json\/wp\/v2\/media?parent=32934"}],"wp:term":[{"taxonomy":"product_brand","embeddable":true,"href":"https:\/\/www.keyangtools.com\/pl\/wp-json\/wp\/v2\/product_brand?post=32934"},{"taxonomy":"product_cat","embeddable":true,"href":"https:\/\/www.keyangtools.com\/pl\/wp-json\/wp\/v2\/product_cat?post=32934"},{"taxonomy":"product_tag","embeddable":true,"href":"https:\/\/www.keyangtools.com\/pl\/wp-json\/wp\/v2\/product_tag?post=32934"}],"curies":[{"name":"wp","href":"https:\/\/api.w.org\/{rel}","templated":true}]}}