{"id":32980,"date":"2021-03-23T16:16:18","date_gmt":"2021-03-23T15:16:18","guid":{"rendered":"https:\/\/www.keyangtools.com\/product\/keyang-dd20bla70c-akumulatorowa-wiertarko-wkretarka-18v-5-0ah\/"},"modified":"2023-07-03T16:17:14","modified_gmt":"2023-07-03T14:17:14","slug":"keyang-dd20bla70c-akumulatorowa-wiertarko-wkretarka-18v-5-0ah","status":"publish","type":"product","link":"https:\/\/www.keyangtools.com\/pl\/produkty\/keyang-dd20bla70c-akumulatorowa-wiertarko-wkretarka-18v-5-0ah\/","title":{"rendered":"Keyang DD20BLA70C Akumulatorowa wiertarko-wkr\u0119tarka &#8211; 18V 5.0Ah"},"content":{"rendered":"<p><img decoding=\"async\" class=\"wp-image-32986 size-full\" src=\"https:\/\/www.keyangtools.com\/wp-content\/uploads\/2022\/07\/DD20BLA-70c-POOLS_07_07-2022.png\" alt=\"Keyang DD20BLA70C Akumulatorowa wiertarko-wkr\u0119tarka 70Nm - 18V 5.0Ah\" width=\"817\" height=\"6476\" srcset=\"https:\/\/www.keyangtools.com\/wp-content\/uploads\/2022\/07\/DD20BLA-70c-POOLS_07_07-2022.png 817w, https:\/\/www.keyangtools.com\/wp-content\/uploads\/2022\/07\/DD20BLA-70c-POOLS_07_07-2022-38x300.png 38w, https:\/\/www.keyangtools.com\/wp-content\/uploads\/2022\/07\/DD20BLA-70c-POOLS_07_07-2022-129x1024.png 129w, https:\/\/www.keyangtools.com\/wp-content\/uploads\/2022\/07\/DD20BLA-70c-POOLS_07_07-2022-768x6088.png 768w, https:\/\/www.keyangtools.com\/wp-content\/uploads\/2022\/07\/DD20BLA-70c-POOLS_07_07-2022-560x4439.png 560w\" sizes=\"(max-width: 817px) 100vw, 817px\" \/><\/p>\n","protected":false},"excerpt":{"rendered":"<table>\n<tbody>\n<tr>\n<td class=\"echotable\"><a href=\"https:\/\/www.kem-europe.eu\/wp-content\/uploads\/2021\/06\/25.jpg\"><img decoding=\"async\" class=\"size-full wp-image-24334 alignnone\" src=\"https:\/\/www.kem-europe.eu\/wp-content\/uploads\/2021\/06\/25.jpg\" alt=\"\" width=\"57\" height=\"57\" \/><\/a>Regulacja si\u0142y docisku<\/td>\n<td class=\"echotable\"><a href=\"https:\/\/www.kem-europe.eu\/wp-content\/uploads\/2018\/02\/22-1.jpg\"><img decoding=\"async\" class=\"size-full wp-image-24327 alignnone\" src=\"https:\/\/www.kem-europe.eu\/wp-content\/uploads\/2018\/02\/22-1.jpg\" alt=\"\" width=\"57\" height=\"57\" \/><\/a>BLDC-Silnik<\/td>\n<\/tr>\n<tr>\n<td class=\"echotable\"><a href=\"https:\/\/www.kem-europe.eu\/wp-content\/uploads\/2018\/02\/4-1.jpg\"><img decoding=\"async\" class=\"size-full wp-image-24309 alignnone\" src=\"https:\/\/www.kem-europe.eu\/wp-content\/uploads\/2018\/02\/4-1.jpg\" alt=\"\" width=\"57\" height=\"57\" \/><\/a>Odwr\u00f3cona rotacja<\/td>\n<td class=\"echotable\"><a href=\"https:\/\/www.kem-europe.eu\/wp-content\/uploads\/2018\/02\/13-1.jpg\"><img decoding=\"async\" class=\"size-full wp-image-24318 alignnone\" src=\"https:\/\/www.kem-europe.eu\/wp-content\/uploads\/2018\/02\/13-1.jpg\" alt=\"\" width=\"57\" height=\"57\" \/><\/a>Walizka<\/td>\n<\/tr>\n<\/tbody>\n<tbody>\n<tr>\n<td class=\"echotable\"><a href=\"https:\/\/www.kem-europe.eu\/wp-content\/uploads\/2018\/02\/17-1.jpg\"><img decoding=\"async\" class=\"size-full wp-image-24322 alignnone\" src=\"https:\/\/www.kem-europe.eu\/wp-content\/uploads\/2018\/02\/17-1.jpg\" alt=\"\" width=\"57\" height=\"57\" \/><\/a>Uchwyt szybkomocuj\u0105cy<\/td>\n<\/tr>\n<\/tbody>\n<\/table>\n<p>&nbsp;<\/p>\n<p><strong>Aby uzyska\u0107 pe\u0142ny przegl\u0105d r\u00f3\u017cnych symboli, kliknij tutaj!<\/strong><\/p>\n<p>&nbsp;<\/p>\n<p><strong>Zakres dostawy<\/strong><\/p>\n<ul>\n<li>Keyang DD20BLA70C Akumulatorowa wiertarko-wkr\u0119tarka<\/li>\n<li>2 x Li-ion Akumulator 5.0 Ah<\/li>\n<li>1 x Szybko\u0142adowarka<\/li>\n<li>Dostarczana w walizce<\/li>\n<\/ul>\n","protected":false},"featured_media":32983,"comment_status":"closed","ping_status":"closed","template":"","meta":[],"product_brand":[],"product_cat":[1150],"product_tag":[],"class_list":{"0":"post-32980","1":"product","2":"type-product","3":"status-publish","4":"has-post-thumbnail","6":"product_cat-akumulatorowa-wiertarka","7":"pif-has-gallery","9":"first","10":"onbackorder","11":"purchasable","12":"product-type-simple"},"_links":{"self":[{"href":"https:\/\/www.keyangtools.com\/pl\/wp-json\/wp\/v2\/product\/32980","targetHints":{"allow":["GET"]}}],"collection":[{"href":"https:\/\/www.keyangtools.com\/pl\/wp-json\/wp\/v2\/product"}],"about":[{"href":"https:\/\/www.keyangtools.com\/pl\/wp-json\/wp\/v2\/types\/product"}],"replies":[{"embeddable":true,"href":"https:\/\/www.keyangtools.com\/pl\/wp-json\/wp\/v2\/comments?post=32980"}],"wp:featuredmedia":[{"embeddable":true,"href":"https:\/\/www.keyangtools.com\/pl\/wp-json\/wp\/v2\/media\/32983"}],"wp:attachment":[{"href":"https:\/\/www.keyangtools.com\/pl\/wp-json\/wp\/v2\/media?parent=32980"}],"wp:term":[{"taxonomy":"product_brand","embeddable":true,"href":"https:\/\/www.keyangtools.com\/pl\/wp-json\/wp\/v2\/product_brand?post=32980"},{"taxonomy":"product_cat","embeddable":true,"href":"https:\/\/www.keyangtools.com\/pl\/wp-json\/wp\/v2\/product_cat?post=32980"},{"taxonomy":"product_tag","embeddable":true,"href":"https:\/\/www.keyangtools.com\/pl\/wp-json\/wp\/v2\/product_tag?post=32980"}],"curies":[{"name":"wp","href":"https:\/\/api.w.org\/{rel}","templated":true}]}}