{"id":33112,"date":"2022-08-17T12:19:13","date_gmt":"2022-08-17T10:19:13","guid":{"rendered":"https:\/\/www.keyangtools.com\/product\/keyang-hd20blh-24t-akumulatorowy-mlot-udarowo-obrotowy-18v-2x5-0ah-sds-plus\/"},"modified":"2024-01-15T08:31:23","modified_gmt":"2024-01-15T07:31:23","slug":"keyang-hd20blh-24t-akumulatorowy-mlot-udarowo-obrotowy-18v-2x5-0ah-sds-plus","status":"publish","type":"product","link":"https:\/\/www.keyangtools.com\/pl\/produkty\/keyang-hd20blh-24t-akumulatorowy-mlot-udarowo-obrotowy-18v-2x5-0ah-sds-plus\/","title":{"rendered":"Keyang HD20BLH-24T Akumulatorowy m\u0142ot udarowo-obrotowy \u2013 SDS Plus \u2013 18V (20V MAX) \u2013 2\u00d75.0Ah"},"content":{"rendered":"<p><img decoding=\"async\" class=\"aligncenter wp-image-33115 size-full\" src=\"https:\/\/www.keyangtools.com\/wp-content\/uploads\/2022\/08\/HD20BLH-24T-PL.png\" alt=\"Keyang HD20BLH-24T Akumulatorowy m\u0142ot udarowo-obrotowy \u2013 18V \u2013 2x5.0Ah \u2013 SDS Plus\" width=\"850\" height=\"7988\" srcset=\"https:\/\/www.keyangtools.com\/wp-content\/uploads\/2022\/08\/HD20BLH-24T-PL.png 850w, https:\/\/www.keyangtools.com\/wp-content\/uploads\/2022\/08\/HD20BLH-24T-PL-32x300.png 32w, https:\/\/www.keyangtools.com\/wp-content\/uploads\/2022\/08\/HD20BLH-24T-PL-109x1024.png 109w, https:\/\/www.keyangtools.com\/wp-content\/uploads\/2022\/08\/HD20BLH-24T-PL-768x7217.png 768w, https:\/\/www.keyangtools.com\/wp-content\/uploads\/2022\/08\/HD20BLH-24T-PL-218x2048.png 218w, https:\/\/www.keyangtools.com\/wp-content\/uploads\/2022\/08\/HD20BLH-24T-PL-560x5263.png 560w\" sizes=\"(max-width: 850px) 100vw, 850px\" \/><\/p>\n","protected":false},"excerpt":{"rendered":"<p><strong>Zakres dostawy<\/strong><\/p>\n<ul>\n<li>Keyang HD20BLH-24T Akumulatorowy m\u0142ot udarowo-obrotowy 18V (20V MAX)<\/li>\n<li>1 x Uchwyt<\/li>\n<li>2 x Akumulator litowo-jonowy 5.0 Ah<\/li>\n<li>1 x Szybko\u0142adowarka<\/li>\n<li>Dostarczany w walizce<\/li>\n<\/ul>\n<p>&nbsp;<\/p>\n<p><strong><em>Dlaczego Keyang?<\/em><\/strong><\/p>\n<p>Korea\u0144ska marka produkuje od ponad 40 lat wysokiej jako\u015bci maszyny dla sektora przemys\u0142owego i budowlanego. Od ponad 25 lat produkuje r\u00f3wnie\u017c dla kilku marek A na rynku europejskim (w tym Kress &amp; Spit). Keyang przewy\u017csza swoich konkurent\u00f3w, dostarczaj\u0105c doskona\u0142\u0105 jako\u015b\u0107 w rozs\u0105dnej cenie. Z pozycji lidera na rynku korea\u0144skim, firma zacz\u0119\u0142a koncentrowa\u0107 si\u0119 r\u00f3wnie\u017c na rynku europejskim. W stosunkowo kr\u00f3tkim czasie korea\u0144ska marka sta\u0142a si\u0119 zaufan\u0105 mark\u0105 w sektorze budowlanym. Nie ma to nic wsp\u00f3lnego ze sprytnym marketingiem, ale z wiar\u0105, \u017ce ma\u0142ymi krokami mo\u017cna zaj\u015b\u0107 wysoko w biznesie.<\/p>\n","protected":false},"featured_media":33071,"comment_status":"closed","ping_status":"closed","template":"","meta":[],"product_brand":[],"product_cat":[1157],"product_tag":[],"class_list":{"0":"post-33112","1":"product","2":"type-product","3":"status-publish","4":"has-post-thumbnail","6":"product_cat-akumulatorowa-mlotowiertarka-obrotowa","7":"pif-has-gallery","9":"first","10":"instock","11":"shipping-taxable","12":"purchasable","13":"product-type-simple"},"_links":{"self":[{"href":"https:\/\/www.keyangtools.com\/pl\/wp-json\/wp\/v2\/product\/33112","targetHints":{"allow":["GET"]}}],"collection":[{"href":"https:\/\/www.keyangtools.com\/pl\/wp-json\/wp\/v2\/product"}],"about":[{"href":"https:\/\/www.keyangtools.com\/pl\/wp-json\/wp\/v2\/types\/product"}],"replies":[{"embeddable":true,"href":"https:\/\/www.keyangtools.com\/pl\/wp-json\/wp\/v2\/comments?post=33112"}],"wp:featuredmedia":[{"embeddable":true,"href":"https:\/\/www.keyangtools.com\/pl\/wp-json\/wp\/v2\/media\/33071"}],"wp:attachment":[{"href":"https:\/\/www.keyangtools.com\/pl\/wp-json\/wp\/v2\/media?parent=33112"}],"wp:term":[{"taxonomy":"product_brand","embeddable":true,"href":"https:\/\/www.keyangtools.com\/pl\/wp-json\/wp\/v2\/product_brand?post=33112"},{"taxonomy":"product_cat","embeddable":true,"href":"https:\/\/www.keyangtools.com\/pl\/wp-json\/wp\/v2\/product_cat?post=33112"},{"taxonomy":"product_tag","embeddable":true,"href":"https:\/\/www.keyangtools.com\/pl\/wp-json\/wp\/v2\/product_tag?post=33112"}],"curies":[{"name":"wp","href":"https:\/\/api.w.org\/{rel}","templated":true}]}}