{"id":33144,"date":"2021-03-23T16:09:28","date_gmt":"2021-03-23T15:09:28","guid":{"rendered":"https:\/\/www.keyangtools.com\/product\/keyang-dg125a-750sc-szlifierka-katowa-125mm-750w\/"},"modified":"2024-01-15T09:52:27","modified_gmt":"2024-01-15T08:52:27","slug":"keyang-dg125a-750sc-szlifierka-katowa-125mm-750w","status":"publish","type":"product","link":"https:\/\/www.keyangtools.com\/pl\/produkty\/keyang-dg125a-750sc-szlifierka-katowa-125mm-750w\/","title":{"rendered":"Keyang DG125A-750SC Szlifierka k\u0105towa 125mm 750W"},"content":{"rendered":"<p><img decoding=\"async\" class=\"size-full wp-image-33156\" src=\"https:\/\/www.keyangtools.com\/wp-content\/uploads\/2022\/08\/DG125A-750SC-Pools-05_07_2022.png\" alt=\"Keyang DG125A-750SC Szlifierka k\u0105towa 125mm 750W\" width=\"817\" height=\"5690\" srcset=\"https:\/\/www.keyangtools.com\/wp-content\/uploads\/2022\/08\/DG125A-750SC-Pools-05_07_2022.png 817w, https:\/\/www.keyangtools.com\/wp-content\/uploads\/2022\/08\/DG125A-750SC-Pools-05_07_2022-43x300.png 43w, https:\/\/www.keyangtools.com\/wp-content\/uploads\/2022\/08\/DG125A-750SC-Pools-05_07_2022-147x1024.png 147w, https:\/\/www.keyangtools.com\/wp-content\/uploads\/2022\/08\/DG125A-750SC-Pools-05_07_2022-768x5349.png 768w, https:\/\/www.keyangtools.com\/wp-content\/uploads\/2022\/08\/DG125A-750SC-Pools-05_07_2022-294x2048.png 294w, https:\/\/www.keyangtools.com\/wp-content\/uploads\/2022\/08\/DG125A-750SC-Pools-05_07_2022-560x3900.png 560w\" sizes=\"(max-width: 817px) 100vw, 817px\" \/><\/p>\n","protected":false},"excerpt":{"rendered":"<p dir=\"ltr\" data-placeholder=\"Vertaling\"><strong>Zakres dostawy<\/strong><\/p>\n<ul>\n<li dir=\"ltr\" data-placeholder=\"Vertaling\">Keyang DG125A-750SC Szlifierka k\u0105towa 125mm 750W<\/li>\n<li dir=\"ltr\" data-placeholder=\"Vertaling\">1 x Klucz<\/li>\n<li dir=\"ltr\" data-placeholder=\"Vertaling\">1 x Nakr\u0119tki<\/li>\n<li dir=\"ltr\" data-placeholder=\"Vertaling\">1 x Uchwyt<\/li>\n<li dir=\"ltr\" data-placeholder=\"Vertaling\">1 x Podk\u0142adki<\/li>\n<li dir=\"ltr\" data-placeholder=\"Vertaling\">Dostarczana w opakowaniu<\/li>\n<\/ul>\n<p><strong><em>Dlaczego warto wybra\u0107 Keyang?<\/em><\/strong><\/p>\n<p>Korea\u0144ska marka produkuje od ponad 40 lat wysokiej jako\u015bci maszyny dla sektora przemys\u0142owego i budowlanego. Od ponad 25 lat produkuje r\u00f3wnie\u017c dla kilku marek A na rynku europejskim (w tym Kress &amp; Spit). Keyang przewy\u017csza swoich konkurent\u00f3w, dostarczaj\u0105c doskona\u0142\u0105 jako\u015b\u0107 w rozs\u0105dnej cenie. Z pozycji lidera na rynku korea\u0144skim, firma zacz\u0119\u0142a koncentrowa\u0107 si\u0119 r\u00f3wnie\u017c na rynku europejskim. W stosunkowo kr\u00f3tkim czasie korea\u0144ska marka sta\u0142a si\u0119 zaufan\u0105 mark\u0105 w sektorze budowlanym. Nie ma to nic wsp\u00f3lnego ze sprytnym marketingiem, ale z wiar\u0105, \u017ce ma\u0142ymi krokami mo\u017cna zaj\u015b\u0107 wysoko w biznesie.<\/p>\n<table>\n<tbody>\n<tr>\n<td class=\"echotable\"><img decoding=\"async\" class=\"wp-image-24335 alignnone\" src=\"https:\/\/www.kem-europe.eu\/wp-content\/uploads\/2021\/06\/26.jpg\" alt=\"\" width=\"63\" height=\"63\" \/>Sta\u0142a pr\u0119dko\u015b\u0107<\/td>\n<td class=\"echotable\"><img decoding=\"async\" class=\"wp-image-24330 alignnone\" src=\"https:\/\/www.kem-europe.eu\/wp-content\/uploads\/2018\/02\/Untitled-1-1.jpg\" alt=\"\" width=\"69\" height=\"69\" \/>Podw\u00f3jna izolacja<\/td>\n<\/tr>\n<tr>\n<td class=\"echotable\"><img decoding=\"async\" class=\"wp-image-24307 alignnone\" src=\"https:\/\/www.kem-europe.eu\/wp-content\/uploads\/2018\/02\/2-1.jpg\" alt=\"\" width=\"67\" height=\"67\" \/>Elektryczna regulacja pr\u0119dko\u015bci<\/td>\n<td class=\"echotable\"><img decoding=\"async\" class=\"wp-image-24308 alignnone\" src=\"https:\/\/www.kem-europe.eu\/wp-content\/uploads\/2018\/02\/3-1.jpg\" alt=\"\" width=\"69\" height=\"69\" \/>Niewielka waga<\/td>\n<\/tr>\n<\/tbody>\n<tbody>\n<tr>\n<td class=\"echotable\"><img decoding=\"async\" class=\"wp-image-24317 alignnone\" src=\"https:\/\/www.kem-europe.eu\/wp-content\/uploads\/2018\/02\/12-2.jpg\" alt=\"\" width=\"66\" height=\"66\" \/>Niskie wibracje<\/td>\n<td class=\"echotable\"><img decoding=\"async\" class=\"wp-image-24316 alignnone\" src=\"https:\/\/www.kem-europe.eu\/wp-content\/uploads\/2018\/02\/11-1.jpg\" alt=\"\" width=\"64\" height=\"64\" \/>Uchwyt boczny<\/td>\n<\/tr>\n<\/tbody>\n<\/table>\n<p><strong><br \/>\nAby uzyska\u0107 pe\u0142ny przegl\u0105d r\u00f3\u017cnych symboli, kliknij <a href=\"https:\/\/www.keyangtools.com\/keyang-symbolism\/\">tutaj<\/a>!<br \/>\n<\/strong><\/p>\n<p>&nbsp;<\/p>\n","protected":false},"featured_media":33153,"comment_status":"closed","ping_status":"closed","template":"","meta":[],"product_brand":[],"product_cat":[1164,1163],"product_tag":[],"class_list":{"0":"post-33144","1":"product","2":"type-product","3":"status-publish","4":"has-post-thumbnail","6":"product_cat-szlifierka-katowa","7":"product_cat-urzadzenia","8":"pif-has-gallery","10":"first","11":"onbackorder","12":"purchasable","13":"product-type-simple"},"_links":{"self":[{"href":"https:\/\/www.keyangtools.com\/pl\/wp-json\/wp\/v2\/product\/33144","targetHints":{"allow":["GET"]}}],"collection":[{"href":"https:\/\/www.keyangtools.com\/pl\/wp-json\/wp\/v2\/product"}],"about":[{"href":"https:\/\/www.keyangtools.com\/pl\/wp-json\/wp\/v2\/types\/product"}],"replies":[{"embeddable":true,"href":"https:\/\/www.keyangtools.com\/pl\/wp-json\/wp\/v2\/comments?post=33144"}],"wp:featuredmedia":[{"embeddable":true,"href":"https:\/\/www.keyangtools.com\/pl\/wp-json\/wp\/v2\/media\/33153"}],"wp:attachment":[{"href":"https:\/\/www.keyangtools.com\/pl\/wp-json\/wp\/v2\/media?parent=33144"}],"wp:term":[{"taxonomy":"product_brand","embeddable":true,"href":"https:\/\/www.keyangtools.com\/pl\/wp-json\/wp\/v2\/product_brand?post=33144"},{"taxonomy":"product_cat","embeddable":true,"href":"https:\/\/www.keyangtools.com\/pl\/wp-json\/wp\/v2\/product_cat?post=33144"},{"taxonomy":"product_tag","embeddable":true,"href":"https:\/\/www.keyangtools.com\/pl\/wp-json\/wp\/v2\/product_tag?post=33144"}],"curies":[{"name":"wp","href":"https:\/\/api.w.org\/{rel}","templated":true}]}}