{"id":33157,"date":"2021-03-23T16:07:31","date_gmt":"2021-03-23T15:07:31","guid":{"rendered":"https:\/\/www.keyangtools.com\/product\/keyang-phd283b-mlot-kombi-800w-sds\/"},"modified":"2024-01-15T09:52:37","modified_gmt":"2024-01-15T08:52:37","slug":"keyang-phd283b-mlot-kombi-800w-sds","status":"publish","type":"product","link":"https:\/\/www.keyangtools.com\/pl\/produkty\/keyang-phd283b-mlot-kombi-800w-sds\/","title":{"rendered":"Keyang PHD283B M\u0142ot kombi &#8211; 800W &#8211; SDS+"},"content":{"rendered":"<p><strong><em>Dlaczego warto wybra\u0107 Keyang?<\/em><\/strong><br \/>\nKorea\u0144ska marka produkuje od ponad 40 lat wysokiej jako\u015bci maszyny dla sektora przemys\u0142owego i budowlanego. Od ponad 25 lat produkuje r\u00f3wnie\u017c dla kilku marek A na rynku europejskim (w tym Kress &amp; Spit). Keyang przewy\u017csza swoich konkurent\u00f3w, dostarczaj\u0105c doskona\u0142\u0105 jako\u015b\u0107 w rozs\u0105dnej cenie. Z pozycji lidera na rynku korea\u0144skim, firma zacz\u0119\u0142a koncentrowa\u0107 si\u0119 r\u00f3wnie\u017c na rynku europejskim. W stosunkowo kr\u00f3tkim czasie korea\u0144ska marka sta\u0142a si\u0119 zaufan\u0105 mark\u0105 w sektorze budowlanym. Nie ma to nic wsp\u00f3lnego ze sprytnym marketingiem, ale z wiar\u0105, \u017ce ma\u0142ymi krokami mo\u017cna zaj\u015b\u0107 wysoko w biznesie.<\/p>\n<p><strong><em>Dlaczego warto wybra\u0107 M\u0142ot kombi Keyang 800W?<\/em><\/strong><br \/>\nDu\u017ca r\u00f3\u017cnica mi\u0119dzy m\u0142otem obrotowym a kombi jest taka, \u017ce m\u0142ot kombi jest wyposa\u017cony w ogranicznik obrotu. W rezultacie, po umieszczeniu spiczastego d\u0142uta lub p\u0142askiego d\u0142uta z przy\u0142\u0105czem SDS, mo\u017ce by\u0107 on r\u00f3wnie\u017c u\u017cywany do lekkich prac zwi\u0105zanych z \u0142amaniem. Na przyk\u0142ad mo\u017cna u\u017cy\u0107 m\u0142ota kombi do zd\u0142ubywania p\u0142ytek w \u0142azience. M\u0142ot kombi nadaje si\u0119 do wiercenia w twardym kamieniu i twardym betonie. W por\u00f3wnaniu z wiertark\u0105 udarow\u0105, funkcja m\u0142ota kombi jest znacznie silniejsza i mo\u017ce by\u0107 kontrolowana niezale\u017cnie od pr\u0119dko\u015bci obrotowej.<\/p>\n<p><strong>Cechy Keyang PHD283B M\u0142ota kombi &#8211; 800W &#8211; SDS+<\/strong><\/p>\n<p>M\u0142ot udarowy Keyang PHD283B\u00a0 jest idealny do wiercenia otwor\u00f3w pod kotwy i mocowania 4-28mm w betonie i murze. Funkcja d\u0142uta regulowana w r\u00f3\u017cnych pozycjach. Sprz\u0119g\u0142o bezpiecze\u0144stwa zapobiega uszkodzeniom i obra\u017ceniom spowodowanym si\u0142\u0105, kt\u00f3ra pojawia si\u0119, gdy wiert\u0142o grozi zakleszczeniem. Ergonomiczna r\u0119koje\u015b\u0107 z gumow\u0105 pow\u0142ok\u0105 dla wi\u0119kszego komfortu u\u017cytkowania. Ogranicznik obrotu do lekkiego d\u0142utowania w kamieniu, mi\u0119kkim murze i w ograniczonym zakresie w lekkim betonie.<\/p>\n<section class=\"lmt__side_container lmt__side_container--target\" aria-labelledby=\"translation-results-heading\">\n<div class=\"lmt__textarea_container focus lmt__textarea_container--focus\">\n<div class=\"lmt__inner_textarea_container\" title=\"Kliknij na s\u0142owo, aby wy\u015bwietli\u0107 t\u0142umaczenia alternatywne \">\n<div class=\"lmt__textarea_base_style\" lang=\"pl-PL\">Dzi\u0119ki wyko\u0144czeniu i jako\u015bci komponent\u00f3w w tej maszynie, jest ona na tym samym poziomie co maszyny takie jak DUSS P16 SDS czy HILTI TE 3-C. Szczeg\u00f3lnie d\u0142uga \u017cywotno\u015b\u0107 i wydajno\u015b\u0107 czyni\u0105 t\u0119 maszyn\u0119 kr\u00f3lem w segmencie 2kg. Nie dajcie si\u0119 wi\u0119c zwie\u015b\u0107 cenie!<\/div>\n<\/div>\n<\/div>\n<div class=\"lmt__textarea_container focus lmt__textarea_container--focus\">\n<div>\n<ul>\n<li>Wiert\u0142o monta\u017cowe SDS-Plus za jednym naci\u015bni\u0119ciem przycisku<\/li>\n<li>Najlepsza wydajno\u015b\u0107 wiercenia na rynku<\/li>\n<li>Suwak zabezpieczaj\u0105cy przed przeci\u0105\u017ceniem<\/li>\n<li>Prze\u0142\u0105cznik 3 tryb\u00f3w pracy (wiert\u0142o, m\u0142ot, d\u0142uto)<\/li>\n<li>Praca do przodu\/do ty\u0142u<\/li>\n<li>Mi\u0119kki start<\/li>\n<li>Sprz\u0119g\u0142o bezpiecze\u0144stwa zapobiega uszkodzeniom i obra\u017ceniom spowodowanym si\u0142\u0105 powsta\u0142\u0105 w momencie zagro\u017cenia zakleszczeniem wiert\u0142a<\/li>\n<li>6 r\u00f3\u017cnych bieg\u00f3w<\/li>\n<li>Oddzielny tryb pracy m\u0142ota i wiert\u0142a<\/li>\n<li>Redukcja drga\u0144 dzi\u0119ki systemowi VCS<\/li>\n<\/ul>\n<p><strong>Zastosowanie\u00a0<\/strong><\/p>\n<ul>\n<li>D\u0142utowanie<\/li>\n<li>Wiercenie i wiercenie m\u0142otkowe w betonie i murze<\/li>\n<\/ul>\n<p><strong>Rezultaty<\/strong><\/p>\n<\/div>\n<div>\n<p><img decoding=\"async\" class=\"size-full wp-image-33162 alignleft\" src=\"https:\/\/www.keyangtools.com\/wp-content\/uploads\/2021\/03\/test-diagram-2.png\" alt=\"\" width=\"818\" height=\"571\" srcset=\"https:\/\/www.keyangtools.com\/wp-content\/uploads\/2021\/03\/test-diagram-2.png 818w, https:\/\/www.keyangtools.com\/wp-content\/uploads\/2021\/03\/test-diagram-2-300x209.png 300w, https:\/\/www.keyangtools.com\/wp-content\/uploads\/2021\/03\/test-diagram-2-768x536.png 768w, https:\/\/www.keyangtools.com\/wp-content\/uploads\/2021\/03\/test-diagram-2-560x391.png 560w\" sizes=\"(max-width: 818px) 100vw, 818px\" \/><\/p>\n<ul>\n<li>Nale\u017cy do najszybszych m\u0142ot\u00f3w kombi w klasie 2KG\/klasa m\u0142ot\u00f3w kombi z bocznym uchwytem. Jest to potwierdzone przez r\u00f3\u017cne warunki testowe.<\/li>\n<li>Znacznie d\u0142u\u017csza \u017cywotno\u015b\u0107 ni\u017c w przypadku por\u00f3wnywalnych m\u0142ot\u00f3w &#8211; R\u00f3\u017cne testy wykaza\u0142y, \u017ce PHD283B ma por\u00f3wnywaln\u0105 pr\u0119dko\u015b\u0107, jest wyra\u017anie cichszy, ma mniej wibracji i mo\u017ce utrzymywa\u0107 stosunkowo ni\u017csz\u0105 temperatur\u0119 ni\u017c por\u00f3wnywalne m\u0142oty kombi, co skutkuje znacznie d\u0142u\u017csz\u0105 \u017cywotno\u015bci\u0105.<\/li>\n<\/ul>\n<hr \/>\n<p>&nbsp;<\/p>\n<p>&nbsp;<\/p>\n<p>&nbsp;<\/p>\n<p>&nbsp;<\/p>\n<p>&nbsp;<\/p>\n<p>&nbsp;<\/p>\n<p>&nbsp;<\/p>\n<p>&nbsp;<\/p>\n<\/div>\n<\/div>\n<p>&nbsp;<\/p>\n<div class=\"lmt__textarea_container focus lmt__textarea_container--focus\">\n<div>\n<p>&nbsp;<\/p>\n<p><strong>Opis techniczny<\/strong><\/p>\n<ul>\n<li>Moc &#8211; 800 W<\/li>\n<li>Pr\u0119dko\u015b\u0107 bez obci\u0105\u017cenia &#8211; 0~1.250 Rpm<\/li>\n<li>Ilo\u015b\u0107 uderze\u0144 na minut\u0119 &#8211; 0~1.100 Spm<\/li>\n<li>Si\u0142a uderzenia &#8211; 3,2 J<\/li>\n<li>Waga &#8211; 2,9 kg<\/li>\n<li>Maks. wydajno\u015b\u0107 betonu &#8211; 28 mm<\/li>\n<li>Maks. wydajno\u015b\u0107 stali &#8211; 13 mm<\/li>\n<li>Maks. wydajno\u015b\u0107 w betonie &#8211; 30 mm<\/li>\n<li>Uchwyt &#8211; SDS+<\/li>\n<\/ul>\n<p><b>Zakres dostawy<\/b><\/p>\n<ul>\n<li>Keyang PHD283B M\u0142ot kombi &#8211; 800W &#8211; SDS+<\/li>\n<li>1 x Regulowany uchwyt boczny<\/li>\n<li>1 x Ogranicznik g\u0142\u0119boko\u015bci<\/li>\n<li>Dostarczany w walizce<\/li>\n<\/ul>\n<h3 style=\"text-align: center;\">Zobacz r\u00f3wnie\u017c &#8222;szybszy&#8221;\u00a0 <a href=\"\/?p=30942\">Keyang HD26-2T M\u0142ot kombi<\/a>\u00a0 850W<\/h3>\n<\/div>\n<\/div>\n<\/section>\n","protected":false},"excerpt":{"rendered":"<h3>Najmocniejszy i najbardziej wydajny kombim\u0142ot na swoim rynku!<br \/>\nMaszyna, kt\u00f3ra przekona Ci\u0119 o mocy Keyanga!<\/h3>\n<hr \/>\n<h3>Idealny stosunek ceny do jako\u015bci!<\/h3>\n<table>\n<tbody>\n<tr>\n<td class=\"echotable\"><img decoding=\"async\" class=\"alignnone size-full wp-image-24330\" src=\"https:\/\/www.kem-europe.eu\/wp-content\/uploads\/2018\/02\/Untitled-1-1.jpg\" alt=\"\" width=\"57\" height=\"57\" \/>Podw\u00f3jna izolacja<\/td>\n<td class=\"echotable\"><a href=\"https:\/\/www.kem-europe.eu\/wp-content\/uploads\/2018\/02\/Untitled-2-1.jpg\"><img decoding=\"async\" class=\"alignnone size-full wp-image-24331\" src=\"https:\/\/www.kem-europe.eu\/wp-content\/uploads\/2018\/02\/Untitled-2-1.jpg\" alt=\"\" width=\"57\" height=\"57\" \/><\/a>Regulacja pr\u0119dko\u015bci<\/td>\n<\/tr>\n<tr>\n<td class=\"echotable\"><img decoding=\"async\" class=\"alignnone size-full wp-image-24309\" src=\"https:\/\/www.kem-europe.eu\/wp-content\/uploads\/2018\/02\/4-1.jpg\" alt=\"\" width=\"57\" height=\"57\" \/>Odwr\u00f3cona rotacja<\/td>\n<td class=\"echotable\"><a href=\"https:\/\/www.kem-europe.eu\/wp-content\/uploads\/2018\/02\/9-1.jpg\"><img decoding=\"async\" class=\"alignnone size-full wp-image-24314\" src=\"https:\/\/www.kem-europe.eu\/wp-content\/uploads\/2018\/02\/9-1.jpg\" alt=\"\" width=\"57\" height=\"57\" \/><\/a>Sprz\u0119g\u0142o udarowe<\/td>\n<\/tr>\n<\/tbody>\n<tbody>\n<tr>\n<td class=\"echotable\"><a href=\"https:\/\/www.kem-europe.eu\/wp-content\/uploads\/2018\/02\/10-1.jpg\"><img decoding=\"async\" class=\"alignnone size-full wp-image-24315\" src=\"https:\/\/www.kem-europe.eu\/wp-content\/uploads\/2018\/02\/10-1.jpg\" alt=\"\" width=\"57\" height=\"57\" \/><\/a>Ogranicznik g\u0142\u0119boko\u015bci<\/td>\n<td class=\"echotable\"><a href=\"https:\/\/www.kem-europe.eu\/wp-content\/uploads\/2018\/02\/11-1.jpg\"><img decoding=\"async\" class=\"alignnone size-full wp-image-24316\" src=\"https:\/\/www.kem-europe.eu\/wp-content\/uploads\/2018\/02\/11-1.jpg\" alt=\"\" width=\"57\" height=\"57\" \/><\/a>Uchwyt boczny<\/td>\n<\/tr>\n<tr>\n<td class=\"echotable\"><a href=\"https:\/\/www.kem-europe.eu\/wp-content\/uploads\/2018\/02\/20-1.jpg\"><img decoding=\"async\" class=\"alignnone size-full wp-image-24325\" src=\"https:\/\/www.kem-europe.eu\/wp-content\/uploads\/2018\/02\/20-1.jpg\" alt=\"\" width=\"57\" height=\"57\" \/><\/a>SDS plus<\/td>\n<td class=\"echotable\"><a href=\"https:\/\/www.kem-europe.eu\/wp-content\/uploads\/2018\/02\/14-1.jpg\"><img decoding=\"async\" class=\"alignnone size-full wp-image-24319\" src=\"https:\/\/www.kem-europe.eu\/wp-content\/uploads\/2018\/02\/14-1.jpg\" alt=\"\" width=\"57\" height=\"57\" \/><\/a>Szczotki w\u0119glowe z automatycznym zatrzymaniem<\/td>\n<\/tr>\n<tr>\n<td class=\"echotable\"><a href=\"https:\/\/www.kem-europe.eu\/wp-content\/uploads\/2018\/02\/13-1.jpg\"><img decoding=\"async\" class=\"alignnone size-full wp-image-24318\" src=\"https:\/\/www.kem-europe.eu\/wp-content\/uploads\/2018\/02\/13-1.jpg\" alt=\"\" width=\"57\" height=\"57\" \/><\/a>Walizka<\/td>\n<\/tr>\n<\/tbody>\n<\/table>\n<p>&nbsp;<\/p>\n<div class=\"woo-short-description\">\n<p><strong>Aby uzyska\u0107 pe\u0142ny przegl\u0105d r\u00f3\u017cnych symboli, kliknij <a href=\"https:\/\/www.keyangtools.com\/keyang-symbolism\/\">tutaj<\/a>!<\/strong><\/p>\n<\/div>\n<p>&nbsp;<\/p>\n<p><b>Zakres dostawy<\/b><\/p>\n<ul>\n<li>Keyang PHD283B M\u0142ot kombi &#8211; 800W &#8211; SDS+<\/li>\n<li>1 x Regulowany uchwyt boczny<\/li>\n<li>1 x Ogranicznik g\u0142\u0119boko\u015bci<\/li>\n<li>Dostarczany w walizce<\/li>\n<\/ul>\n","protected":false},"featured_media":33163,"comment_status":"closed","ping_status":"closed","template":"","meta":[],"product_brand":[],"product_cat":[1174,1163],"product_tag":[],"class_list":{"0":"post-33157","1":"product","2":"type-product","3":"status-publish","4":"has-post-thumbnail","6":"product_cat-mlot-udarowy","7":"product_cat-urzadzenia","8":"pif-has-gallery","10":"first","11":"onbackorder","12":"purchasable","13":"product-type-simple"},"_links":{"self":[{"href":"https:\/\/www.keyangtools.com\/pl\/wp-json\/wp\/v2\/product\/33157","targetHints":{"allow":["GET"]}}],"collection":[{"href":"https:\/\/www.keyangtools.com\/pl\/wp-json\/wp\/v2\/product"}],"about":[{"href":"https:\/\/www.keyangtools.com\/pl\/wp-json\/wp\/v2\/types\/product"}],"replies":[{"embeddable":true,"href":"https:\/\/www.keyangtools.com\/pl\/wp-json\/wp\/v2\/comments?post=33157"}],"wp:featuredmedia":[{"embeddable":true,"href":"https:\/\/www.keyangtools.com\/pl\/wp-json\/wp\/v2\/media\/33163"}],"wp:attachment":[{"href":"https:\/\/www.keyangtools.com\/pl\/wp-json\/wp\/v2\/media?parent=33157"}],"wp:term":[{"taxonomy":"product_brand","embeddable":true,"href":"https:\/\/www.keyangtools.com\/pl\/wp-json\/wp\/v2\/product_brand?post=33157"},{"taxonomy":"product_cat","embeddable":true,"href":"https:\/\/www.keyangtools.com\/pl\/wp-json\/wp\/v2\/product_cat?post=33157"},{"taxonomy":"product_tag","embeddable":true,"href":"https:\/\/www.keyangtools.com\/pl\/wp-json\/wp\/v2\/product_tag?post=33157"}],"curies":[{"name":"wp","href":"https:\/\/api.w.org\/{rel}","templated":true}]}}