{"id":33208,"date":"2022-08-31T13:33:34","date_gmt":"2022-08-31T18:56:12","guid":{"rendered":"https:\/\/www.keyangtools.com\/?post_type=product&#038;p=33208"},"modified":"2023-07-03T10:51:11","modified_gmt":"2023-07-03T08:51:11","slug":"keyang-cs20blh-165-akumulatorowa-pila-tarczowa-18v-20v-max","status":"publish","type":"product","link":"https:\/\/www.keyangtools.com\/pl\/produkty\/keyang-cs20blh-165-akumulatorowa-pila-tarczowa-18v-20v-max\/","title":{"rendered":"Keyang CS20BLH-165 Akumulatorowa pi\u0142a tarczowa &#8211; 18V (20V max) &#8211; 2\u00d75.0Ah"},"content":{"rendered":"<p><img decoding=\"async\" class=\"wp-image-33218 size-full\" src=\"https:\/\/www.keyangtools.com\/wp-content\/uploads\/2022\/08\/CS20BLH-165-PL.png\" alt=\"Keyang CS20BLH-165 Akumulatorowa pi\u0142a tarczowa - 18V\" width=\"850\" height=\"7189\" srcset=\"https:\/\/www.keyangtools.com\/wp-content\/uploads\/2022\/08\/CS20BLH-165-PL.png 850w, https:\/\/www.keyangtools.com\/wp-content\/uploads\/2022\/08\/CS20BLH-165-PL-121x1024.png 121w, https:\/\/www.keyangtools.com\/wp-content\/uploads\/2022\/08\/CS20BLH-165-PL-768x6495.png 768w, https:\/\/www.keyangtools.com\/wp-content\/uploads\/2022\/08\/CS20BLH-165-PL-242x2048.png 242w, https:\/\/www.keyangtools.com\/wp-content\/uploads\/2022\/08\/CS20BLH-165-PL-560x4736.png 560w\" sizes=\"(max-width: 850px) 100vw, 850px\" \/><\/p>\n<p>&nbsp;<\/p>\n","protected":false},"excerpt":{"rendered":"<table>\n<tbody>\n<tr>\n<td class=\"echotable\"><img decoding=\"async\" class=\"wp-image-24335 alignnone\" src=\"https:\/\/www.kem-europe.eu\/wp-content\/uploads\/2021\/06\/26.jpg\" alt=\"\" width=\"63\" height=\"63\" \/>Sta\u0142a pr\u0119dko\u015b\u0107<\/td>\n<td class=\"echotable\"><img decoding=\"async\" class=\"wp-image-24327 alignnone\" src=\"https:\/\/www.kem-europe.eu\/wp-content\/uploads\/2018\/02\/22-1.jpg\" alt=\"\" width=\"71\" height=\"71\" \/>BLDC-silnik<\/td>\n<\/tr>\n<tr>\n<td class=\"echotable\"><img decoding=\"async\" class=\"wp-image-24312 alignnone\" src=\"https:\/\/www.kem-europe.eu\/wp-content\/uploads\/2018\/02\/7-1.jpg\" alt=\"\" width=\"67\" height=\"67\" \/>Wysoki RPM<\/td>\n<td class=\"echotable\"><img decoding=\"async\" class=\"wp-image-24318 alignnone\" src=\"https:\/\/www.kem-europe.eu\/wp-content\/uploads\/2018\/02\/13-1.jpg\" alt=\"\" width=\"64\" height=\"64\" \/>Walizka<\/td>\n<\/tr>\n<\/tbody>\n<tbody>\n<tr>\n<td class=\"echotable\"><img decoding=\"async\" class=\"wp-image-24320 alignnone\" src=\"https:\/\/www.kem-europe.eu\/wp-content\/uploads\/2018\/02\/15-1.jpg\" alt=\"\" width=\"64\" height=\"64\" \/>Mi\u0119kki start<\/td>\n<\/tr>\n<\/tbody>\n<\/table>\n<p>&nbsp;<\/p>\n<p><strong>Aby uzyska\u0107 pe\u0142ny przegl\u0105d r\u00f3\u017cnych symboli, kliknij <a href=\"https:\/\/www.keyangtools.com\/pl\/symbolika-keyang\/\">tutaj!<\/a><\/strong><\/p>\n<p><strong>Scope of delivery<\/strong><\/p>\n<ul>\n<li>Keyang CS20BLH-165 Akumulatorowa pi\u0142a tarczowa &#8211; 18V (20V max)<\/li>\n<li>2 x Li-ion Akumulator 5.0 Ah<\/li>\n<li>1 x Szybko\u0142adowarka<\/li>\n<li>Dostarczana w walizce<\/li>\n<\/ul>\n","protected":false},"featured_media":33209,"comment_status":"closed","ping_status":"closed","template":"","meta":[],"product_brand":[],"product_cat":[1148],"product_tag":[],"class_list":{"0":"post-33208","1":"product","2":"type-product","3":"status-publish","4":"has-post-thumbnail","6":"product_cat-akumulatorowa-pilarka-tarczowa","7":"pif-has-gallery","9":"first","10":"onbackorder","11":"shipping-taxable","12":"purchasable","13":"product-type-simple"},"_links":{"self":[{"href":"https:\/\/www.keyangtools.com\/pl\/wp-json\/wp\/v2\/product\/33208","targetHints":{"allow":["GET"]}}],"collection":[{"href":"https:\/\/www.keyangtools.com\/pl\/wp-json\/wp\/v2\/product"}],"about":[{"href":"https:\/\/www.keyangtools.com\/pl\/wp-json\/wp\/v2\/types\/product"}],"replies":[{"embeddable":true,"href":"https:\/\/www.keyangtools.com\/pl\/wp-json\/wp\/v2\/comments?post=33208"}],"wp:featuredmedia":[{"embeddable":true,"href":"https:\/\/www.keyangtools.com\/pl\/wp-json\/wp\/v2\/media\/33209"}],"wp:attachment":[{"href":"https:\/\/www.keyangtools.com\/pl\/wp-json\/wp\/v2\/media?parent=33208"}],"wp:term":[{"taxonomy":"product_brand","embeddable":true,"href":"https:\/\/www.keyangtools.com\/pl\/wp-json\/wp\/v2\/product_brand?post=33208"},{"taxonomy":"product_cat","embeddable":true,"href":"https:\/\/www.keyangtools.com\/pl\/wp-json\/wp\/v2\/product_cat?post=33208"},{"taxonomy":"product_tag","embeddable":true,"href":"https:\/\/www.keyangtools.com\/pl\/wp-json\/wp\/v2\/product_tag?post=33208"}],"curies":[{"name":"wp","href":"https:\/\/api.w.org\/{rel}","templated":true}]}}