{"id":33219,"date":"2022-08-26T13:02:28","date_gmt":"2022-08-29T11:44:05","guid":{"rendered":"https:\/\/www.keyangtools.com\/?post_type=product&#038;p=33219"},"modified":"2023-07-03T10:56:47","modified_gmt":"2023-07-03T08:56:47","slug":"keyang-cs20blh-165-akumulatorowa-pila-tarczowa-korpus","status":"publish","type":"product","link":"https:\/\/www.keyangtools.com\/pl\/produkty\/keyang-cs20blh-165-akumulatorowa-pila-tarczowa-korpus\/","title":{"rendered":"Keyang CS20BLH-165 Akumulatorowa pi\u0142a tarczowa \u2013 18V (20V max) \u2013 KORPUS"},"content":{"rendered":"<p><img decoding=\"async\" class=\"wp-image-33229 size-full aligncenter\" src=\"https:\/\/www.keyangtools.com\/wp-content\/uploads\/2022\/08\/CS20BLH-165-BODY-PL.png\" alt=\"Keyang CS20BLH-165 Akumulatorowa pi\u0142a tarczowa KORPUS\" width=\"850\" height=\"7189\" srcset=\"https:\/\/www.keyangtools.com\/wp-content\/uploads\/2022\/08\/CS20BLH-165-BODY-PL.png 850w, https:\/\/www.keyangtools.com\/wp-content\/uploads\/2022\/08\/CS20BLH-165-BODY-PL-121x1024.png 121w, https:\/\/www.keyangtools.com\/wp-content\/uploads\/2022\/08\/CS20BLH-165-BODY-PL-768x6495.png 768w, https:\/\/www.keyangtools.com\/wp-content\/uploads\/2022\/08\/CS20BLH-165-BODY-PL-242x2048.png 242w, https:\/\/www.keyangtools.com\/wp-content\/uploads\/2022\/08\/CS20BLH-165-BODY-PL-560x4736.png 560w\" sizes=\"(max-width: 850px) 100vw, 850px\" \/><\/p>\n","protected":false},"excerpt":{"rendered":"<table>\n<tbody>\n<tr>\n<td class=\"echotable\"><img decoding=\"async\" class=\"wp-image-24335 alignnone\" src=\"https:\/\/www.kem-europe.eu\/wp-content\/uploads\/2021\/06\/26.jpg\" alt=\"\" width=\"63\" height=\"63\" \/>Sta\u0142a pr\u0119dko\u015b\u0107<\/td>\n<td class=\"echotable\"><img decoding=\"async\" class=\"wp-image-24327 alignnone\" src=\"https:\/\/www.kem-europe.eu\/wp-content\/uploads\/2018\/02\/22-1.jpg\" alt=\"\" width=\"71\" height=\"71\" \/>BLDC-silnik<\/td>\n<\/tr>\n<tr>\n<td class=\"echotable\"><img decoding=\"async\" class=\"wp-image-24312 alignnone\" src=\"https:\/\/www.kem-europe.eu\/wp-content\/uploads\/2018\/02\/7-1.jpg\" alt=\"\" width=\"67\" height=\"67\" \/>Wysoki RPM<\/td>\n<td class=\"echotable\"><img decoding=\"async\" class=\"wp-image-24318 alignnone\" src=\"https:\/\/www.kem-europe.eu\/wp-content\/uploads\/2018\/02\/13-1.jpg\" alt=\"\" width=\"64\" height=\"64\" \/>Walizka<\/td>\n<\/tr>\n<\/tbody>\n<tbody>\n<tr>\n<td class=\"echotable\"><img decoding=\"async\" class=\"wp-image-24320 alignnone\" src=\"https:\/\/www.kem-europe.eu\/wp-content\/uploads\/2018\/02\/15-1.jpg\" alt=\"\" width=\"64\" height=\"64\" \/>Mi\u0119kki start<\/td>\n<\/tr>\n<\/tbody>\n<\/table>\n<p><strong>Aby zapozna\u0107 si\u0119 z pe\u0142nym przegl\u0105dem r\u00f3\u017cnych symboli, kliknij <a href=\"https:\/\/www.keyangtools.com\/pl\/symbolika-keyang\/\">tutaj!<\/a><\/strong><\/p>\n<p><strong>Zakres dostawy<\/strong><\/p>\n<ul>\n<li>Keyang CS20BLH-165 Akumulatorowa pi\u0142a tarczowa \u2013 18V (20V max) \u2013 KORPUS<\/li>\n<li>Dostarczana w walizce<\/li>\n<\/ul>\n","protected":false},"featured_media":33225,"comment_status":"closed","ping_status":"closed","template":"","meta":[],"product_brand":[],"product_cat":[1148,1145],"product_tag":[],"class_list":{"0":"post-33219","1":"product","2":"type-product","3":"status-publish","4":"has-post-thumbnail","6":"product_cat-akumulatorowa-pilarka-tarczowa","7":"product_cat-akumulatorowe-maszyny","8":"pif-has-gallery","10":"first","11":"onbackorder","12":"shipping-taxable","13":"purchasable","14":"product-type-simple"},"_links":{"self":[{"href":"https:\/\/www.keyangtools.com\/pl\/wp-json\/wp\/v2\/product\/33219","targetHints":{"allow":["GET"]}}],"collection":[{"href":"https:\/\/www.keyangtools.com\/pl\/wp-json\/wp\/v2\/product"}],"about":[{"href":"https:\/\/www.keyangtools.com\/pl\/wp-json\/wp\/v2\/types\/product"}],"replies":[{"embeddable":true,"href":"https:\/\/www.keyangtools.com\/pl\/wp-json\/wp\/v2\/comments?post=33219"}],"wp:featuredmedia":[{"embeddable":true,"href":"https:\/\/www.keyangtools.com\/pl\/wp-json\/wp\/v2\/media\/33225"}],"wp:attachment":[{"href":"https:\/\/www.keyangtools.com\/pl\/wp-json\/wp\/v2\/media?parent=33219"}],"wp:term":[{"taxonomy":"product_brand","embeddable":true,"href":"https:\/\/www.keyangtools.com\/pl\/wp-json\/wp\/v2\/product_brand?post=33219"},{"taxonomy":"product_cat","embeddable":true,"href":"https:\/\/www.keyangtools.com\/pl\/wp-json\/wp\/v2\/product_cat?post=33219"},{"taxonomy":"product_tag","embeddable":true,"href":"https:\/\/www.keyangtools.com\/pl\/wp-json\/wp\/v2\/product_tag?post=33219"}],"curies":[{"name":"wp","href":"https:\/\/api.w.org\/{rel}","templated":true}]}}