{"id":33311,"date":"2021-02-23T08:45:48","date_gmt":"2021-02-23T07:45:48","guid":{"rendered":"https:\/\/www.keyangtools.com\/product\/keyang-hd20blh-26v-akumulatorowy-kombimlot-18v-5-0ah-sds-plus\/"},"modified":"2024-01-15T09:53:00","modified_gmt":"2024-01-15T08:53:00","slug":"keyang-hd20blh-26v-akumulatorowy-kombimlot-18v-5-0ah-sds-plus","status":"publish","type":"product","link":"https:\/\/www.keyangtools.com\/pl\/produkty\/keyang-hd20blh-26v-akumulatorowy-kombimlot-18v-5-0ah-sds-plus\/","title":{"rendered":"Keyang HD20BLH-26V Akumulatorowy Kombim\u0142ot &#8211; 18V &#8211; 5.0Ah &#8211; SDS Plus"},"content":{"rendered":"<p><img decoding=\"async\" class=\"size-full wp-image-33722\" src=\"https:\/\/www.keyangtools.com\/wp-content\/uploads\/2022\/11\/HD20BLH-26V-PL.png\" alt=\"M\u0142ot udarowy Keyang HD20BLH-26V Accu 18V 5.0Ah\" width=\"850\" height=\"7478\" srcset=\"https:\/\/www.keyangtools.com\/wp-content\/uploads\/2022\/11\/HD20BLH-26V-PL.png 850w, https:\/\/www.keyangtools.com\/wp-content\/uploads\/2022\/11\/HD20BLH-26V-PL-34x300.png 34w, https:\/\/www.keyangtools.com\/wp-content\/uploads\/2022\/11\/HD20BLH-26V-PL-768x6757.png 768w, https:\/\/www.keyangtools.com\/wp-content\/uploads\/2022\/11\/HD20BLH-26V-PL-560x4927.png 560w\" sizes=\"(max-width: 850px) 100vw, 850px\" \/><\/p>\n","protected":false},"excerpt":{"rendered":"[embed]https:\/\/www.youtube.com\/watch?v=Xc6rf3LbTDQ[\/embed]\n<p><strong>Zakres dostawy<\/strong><\/p>\n<ul>\n<li>2x Akumulator 18V Li-ion 5.0Ah<\/li>\n<li>1x Stalowy ogranicznik<\/li>\n<li>1x \u0141adowarka<\/li>\n<li>Dostarczany w walizce<\/li>\n<\/ul>\n<p><strong><em>Dlaczego Keyang?<\/em><\/strong><\/p>\n<p>Korea\u0144ska marka produkuje od ponad 40 lat wysokiej jako\u015bci maszyny dla sektora przemys\u0142owego i budowlanego. Od ponad 25 lat produkuje r\u00f3wnie\u017c dla kilku marek A na rynku europejskim (w tym Kress &amp; Spit). Keyang przewy\u017csza swoich konkurent\u00f3w, dostarczaj\u0105c doskona\u0142\u0105 jako\u015b\u0107 w rozs\u0105dnej cenie. Z pozycji lidera na rynku korea\u0144skim, firma zacz\u0119\u0142a koncentrowa\u0107 si\u0119 r\u00f3wnie\u017c na rynku europejskim. W stosunkowo kr\u00f3tkim czasie korea\u0144ska marka sta\u0142a si\u0119 zaufan\u0105 mark\u0105 w sektorze budowlanym. Nie ma to nic wsp\u00f3lnego ze sprytnym marketingiem, ale z wiar\u0105, \u017ce ma\u0142ymi krokami mo\u017cna zaj\u015b\u0107 wysoko w biznesie.<\/p>\n","protected":false},"featured_media":33312,"comment_status":"closed","ping_status":"closed","template":"","meta":[],"product_brand":[],"product_cat":[1157],"product_tag":[],"class_list":{"0":"post-33311","1":"product","2":"type-product","3":"status-publish","4":"has-post-thumbnail","6":"product_cat-akumulatorowa-mlotowiertarka-obrotowa","8":"first","9":"instock","10":"purchasable","11":"product-type-simple"},"_links":{"self":[{"href":"https:\/\/www.keyangtools.com\/pl\/wp-json\/wp\/v2\/product\/33311","targetHints":{"allow":["GET"]}}],"collection":[{"href":"https:\/\/www.keyangtools.com\/pl\/wp-json\/wp\/v2\/product"}],"about":[{"href":"https:\/\/www.keyangtools.com\/pl\/wp-json\/wp\/v2\/types\/product"}],"replies":[{"embeddable":true,"href":"https:\/\/www.keyangtools.com\/pl\/wp-json\/wp\/v2\/comments?post=33311"}],"wp:featuredmedia":[{"embeddable":true,"href":"https:\/\/www.keyangtools.com\/pl\/wp-json\/wp\/v2\/media\/33312"}],"wp:attachment":[{"href":"https:\/\/www.keyangtools.com\/pl\/wp-json\/wp\/v2\/media?parent=33311"}],"wp:term":[{"taxonomy":"product_brand","embeddable":true,"href":"https:\/\/www.keyangtools.com\/pl\/wp-json\/wp\/v2\/product_brand?post=33311"},{"taxonomy":"product_cat","embeddable":true,"href":"https:\/\/www.keyangtools.com\/pl\/wp-json\/wp\/v2\/product_cat?post=33311"},{"taxonomy":"product_tag","embeddable":true,"href":"https:\/\/www.keyangtools.com\/pl\/wp-json\/wp\/v2\/product_tag?post=33311"}],"curies":[{"name":"wp","href":"https:\/\/api.w.org\/{rel}","templated":true}]}}