{"id":33321,"date":"2022-09-02T15:30:01","date_gmt":"2022-09-02T13:30:03","guid":{"rendered":"https:\/\/www.keyangtools.com\/?post_type=product&#038;p=33321"},"modified":"2024-01-15T08:19:17","modified_gmt":"2024-01-15T07:19:17","slug":"keyang-dw20blh-315-akumulatorowa-uniwersalna-wkretarka-udarowa-klucz-315-nm-18v-20v-max-5-0-ah-copy","status":"publish","type":"product","link":"https:\/\/www.keyangtools.com\/pl\/produkty\/keyang-dw20blh-315-akumulatorowa-uniwersalna-wkretarka-udarowa-klucz-315-nm-18v-20v-max-5-0-ah-copy\/","title":{"rendered":"Keyang DW20BLH-315 Akumulatorowa uniwersalna wkr\u0119tarka udarowa\/klucz 315 Nm &#8211; 18V (20V MAX) &#8211; KORPUS"},"content":{"rendered":"<p><img decoding=\"async\" class=\"aligncenter size-full wp-image-33489\" src=\"https:\/\/www.keyangtools.com\/wp-content\/uploads\/2022\/09\/DW20BLH-315-BODY-PL-1.png\" alt=\"DW20BLH-315-BODY-PL\" width=\"750\" height=\"8596\" srcset=\"https:\/\/www.keyangtools.com\/wp-content\/uploads\/2022\/09\/DW20BLH-315-BODY-PL-1.png 750w, https:\/\/www.keyangtools.com\/wp-content\/uploads\/2022\/09\/DW20BLH-315-BODY-PL-1-134x1536.png 134w, https:\/\/www.keyangtools.com\/wp-content\/uploads\/2022\/09\/DW20BLH-315-BODY-PL-1-560x6418.png 560w\" sizes=\"(max-width: 750px) 100vw, 750px\" \/><\/p>\n","protected":false},"excerpt":{"rendered":"<p><strong>Zakres dostawy<\/strong><\/p>\n<ul>\n<li>Keyang DW20BLH-315 Akumulatorowa uniwersalna wkr\u0119tarka udarowa \/ Klucz 315 Nm \u2013 18V (20V MAX) &#8211; KORPUS<\/li>\n<li>Dostarczana w pude\u0142ku<\/li>\n<\/ul>\n<p><strong><em>Dlaczego Keyang?<\/em><\/strong><\/p>\n<p>Korea\u0144ska marka produkuje od ponad 40 lat wysokiej jako\u015bci maszyny dla sektora przemys\u0142owego i budowlanego. Od ponad 25 lat produkuje r\u00f3wnie\u017c dla kilku marek A na rynku europejskim (w tym Kress &amp; Spit). Keyang przewy\u017csza swoich konkurent\u00f3w, dostarczaj\u0105c doskona\u0142\u0105 jako\u015b\u0107 w rozs\u0105dnej cenie. Z pozycji lidera na rynku korea\u0144skim, firma zacz\u0119\u0142a koncentrowa\u0107 si\u0119 r\u00f3wnie\u017c na rynku europejskim. W stosunkowo kr\u00f3tkim czasie korea\u0144ska marka sta\u0142a si\u0119 zaufan\u0105 mark\u0105 w sektorze budowlanym. Nie ma to nic wsp\u00f3lnego ze sprytnym marketingiem, ale z wiar\u0105, \u017ce ma\u0142ymi krokami mo\u017cna zaj\u015b\u0107 wysoko w biznesie.<\/p>\n","protected":false},"featured_media":33330,"comment_status":"closed","ping_status":"closed","template":"","meta":[],"product_brand":[],"product_cat":[1158,1145],"product_tag":[],"class_list":{"0":"post-33321","1":"product","2":"type-product","3":"status-publish","4":"has-post-thumbnail","6":"product_cat-akumulatorowa-uniwersalna-wkretarka-udarowa","7":"product_cat-akumulatorowe-maszyny","8":"pif-has-gallery","10":"first","11":"instock","12":"shipping-taxable","13":"purchasable","14":"product-type-simple"},"_links":{"self":[{"href":"https:\/\/www.keyangtools.com\/pl\/wp-json\/wp\/v2\/product\/33321","targetHints":{"allow":["GET"]}}],"collection":[{"href":"https:\/\/www.keyangtools.com\/pl\/wp-json\/wp\/v2\/product"}],"about":[{"href":"https:\/\/www.keyangtools.com\/pl\/wp-json\/wp\/v2\/types\/product"}],"replies":[{"embeddable":true,"href":"https:\/\/www.keyangtools.com\/pl\/wp-json\/wp\/v2\/comments?post=33321"}],"wp:featuredmedia":[{"embeddable":true,"href":"https:\/\/www.keyangtools.com\/pl\/wp-json\/wp\/v2\/media\/33330"}],"wp:attachment":[{"href":"https:\/\/www.keyangtools.com\/pl\/wp-json\/wp\/v2\/media?parent=33321"}],"wp:term":[{"taxonomy":"product_brand","embeddable":true,"href":"https:\/\/www.keyangtools.com\/pl\/wp-json\/wp\/v2\/product_brand?post=33321"},{"taxonomy":"product_cat","embeddable":true,"href":"https:\/\/www.keyangtools.com\/pl\/wp-json\/wp\/v2\/product_cat?post=33321"},{"taxonomy":"product_tag","embeddable":true,"href":"https:\/\/www.keyangtools.com\/pl\/wp-json\/wp\/v2\/product_tag?post=33321"}],"curies":[{"name":"wp","href":"https:\/\/api.w.org\/{rel}","templated":true}]}}