{"id":33389,"date":"2018-02-12T12:05:18","date_gmt":"2018-02-12T11:05:18","guid":{"rendered":"https:\/\/www.keyangtools.com\/product\/keyang-dw18bla-accu-universele-slagmoersleutel-slagschroevendraaier-18v-5-0ah\/"},"modified":"2024-01-15T10:00:10","modified_gmt":"2024-01-15T09:00:10","slug":"keyang-dw18bla-akumulatorowa-uniwersalna-wkretarka-udarowa-18v-5-0ah","status":"publish","type":"product","link":"https:\/\/www.keyangtools.com\/pl\/produkty\/keyang-dw18bla-akumulatorowa-uniwersalna-wkretarka-udarowa-18v-5-0ah\/","title":{"rendered":"Keyang DW18BLA Akumulatorowa uniwersalna wkr\u0119tarka udarowa &#8211; 18V &#8211; 5.0Ah"},"content":{"rendered":"<p><em><strong>Dlaczego warto wybra\u0107 Keyang?<\/strong><\/em><\/p>\n<p>Korea\u0144ska marka produkuje od ponad 40 lat wysokiej jako\u015bci maszyny dla sektora przemys\u0142owego i budowlanego. Od ponad 25 lat produkuje r\u00f3wnie\u017c dla kilku marek A na rynku europejskim (w tym Kress &amp; Spit). Keyang przewy\u017csza swoich konkurent\u00f3w, dostarczaj\u0105c doskona\u0142\u0105 jako\u015b\u0107 w rozs\u0105dnej cenie. Z pozycji lidera na rynku korea\u0144skim, firma zacz\u0119\u0142a koncentrowa\u0107 si\u0119 r\u00f3wnie\u017c na rynku europejskim. W stosunkowo kr\u00f3tkim czasie korea\u0144ska marka sta\u0142a si\u0119 zaufan\u0105 mark\u0105 w sektorze budowlanym. Nie ma to nic wsp\u00f3lnego ze sprytnym marketingiem, ale z wiar\u0105, \u017ce ma\u0142ymi krokami mo\u017cna zaj\u015b\u0107 wysoko w biznesie.<\/p>\n<p><strong>Dlaczego warto wybra\u0107 model Keyang DW18BLA?<\/strong><\/p>\n<p>Pod wzgl\u0119dem jako\u015bci i u\u017cytkowania DW18BLA jest absolutnie por\u00f3wnywalny z kluczami udarowymi innych marek A na rynku. Dzi\u0119ki pomys\u0142owej konstrukcji maszyna ta jest bardzo trwa\u0142a i gwarantuje d\u0142ug\u0105 \u017cywotno\u015b\u0107.<\/p>\n<p><strong>Cechy Keyang DW18BLA Akumulatorowy uniwersalny klucz udarowy\/wkr\u0119tarka udarowa &#8211; 18V &#8211; 5,0Ah<\/strong><\/p>\n<ul>\n<li>Wysoko wydajny silnik bezszczotkowy (BLDC) &#8211; Innowacyjna wkr\u0119tarka udarowa z akumulatorem BLDC o konstrukcji drugiej generacji<br \/>\n&#8211; 17% wi\u0119cej momentu obrotowego<br \/>\n&#8211; 9% szybciej<\/li>\n<\/ul>\n<p>Wyposa\u017cony w 2 tryby:<\/p>\n<ul>\n<li>ASC, to charakteryzuje si\u0119 maksymalnym momentem 170 Nm przy 2600 obr.<br \/>\nTryb wiercenia, charakteryzuje si\u0119 maksymalnym momentem 210 Nm i 3200 obr.<\/li>\n<li>Tryb wiercenia umo\u017cliwia precyzyjn\u0105 kontrol\u0119<\/li>\n<li>Bezszczotkowy<\/li>\n<li>Automatyczna kontrola zatrzymania przy przeci\u0105\u017ceniu, aby zapobiec uszkodzeniu \u015bruby<\/li>\n<li>3-biegowy<\/li>\n<li>O\u015bwietlenie LED<\/li>\n<li>Wska\u017anik baterii<\/li>\n<li>1 sek. Funkcja One Shot<\/li>\n<li>Szybkie wiercenie z udarem<\/li>\n<li>Magnetyczny uchwyt na bity<\/li>\n<li>Kompaktowa konstrukcja<\/li>\n<li>Ergonomiczny uchwyt<\/li>\n<li>\u0141adowarka (50 min.)<\/li>\n<\/ul>\n<p><strong>Opis techniczny<\/strong><\/p>\n<ul>\n<li>Napi\u0119cie &#8211; 18 V<\/li>\n<li>Moment obrotowy &#8211; 210 Nm<\/li>\n<li>Pr\u0119dko\u015b\u0107 obrotowa &#8211; 0-3000 obr.<\/li>\n<li>Cz\u0119stotliwo\u015b\u0107 skok\u00f3w &#8211; 0-3200 \/min<\/li>\n<li>Waga &#8211; 1,65 kg<\/li>\n<li>Zapis &#8211; 1\/4&#8221; (sze\u015bciok\u0105t)<\/li>\n<li>Bateria &#8211; 5,0 Ah litowo-jonowa<\/li>\n<\/ul>\n<p><b>Zakres dostawy<\/b><\/p>\n<ul>\n<li>Keyang DW18BLA Akumulatorowa uniwersalna wkr\u0119tarka udarowa\/wkr\u0119tak \u2013 18V \u2013 5.0Ah<\/li>\n<li>2x Akumulator 18V Li-ion 5.0Ah<\/li>\n<li>1x \u0141adowarka<\/li>\n<li>Dostarczana w walizce<\/li>\n<\/ul>\n","protected":false},"excerpt":{"rendered":"<p><em><span style=\"font-size: 21px;\">Ulepszona jako\u015b\u0107 i trwa\u0142o\u015b\u0107<\/span><\/em><\/p>\n<table>\n<tbody>\n<tr>\n<td class=\"echotable\"><a href=\"https:\/\/www.kem-europe.eu\/wp-content\/uploads\/2018\/02\/Untitled-1-1.jpg\"><img decoding=\"async\" class=\"alignnone size-full wp-image-24330\" src=\"https:\/\/www.kem-europe.eu\/wp-content\/uploads\/2018\/02\/Untitled-1-1.jpg\" alt=\"\" width=\"57\" height=\"57\" \/><\/a>Podw\u00f3jna izolacja<\/td>\n<td class=\"echotable\"><a href=\"https:\/\/www.kem-europe.eu\/wp-content\/uploads\/2018\/02\/Untitled-2-1.jpg\"><img decoding=\"async\" class=\"alignnone size-full wp-image-24331\" src=\"https:\/\/www.kem-europe.eu\/wp-content\/uploads\/2018\/02\/Untitled-2-1.jpg\" alt=\"\" width=\"57\" height=\"57\" \/><\/a>Kontrola pr\u0119dko\u015bci<\/td>\n<\/tr>\n<tr>\n<td class=\"echotable\"><a href=\"https:\/\/www.kem-europe.eu\/wp-content\/uploads\/2018\/02\/4-1.jpg\"><img decoding=\"async\" class=\"alignnone size-full wp-image-24309\" src=\"https:\/\/www.kem-europe.eu\/wp-content\/uploads\/2018\/02\/4-1.jpg\" alt=\"\" width=\"57\" height=\"57\" \/><\/a>Odwr\u00f3cona rotacja<\/td>\n<td class=\"echotable\"><a href=\"https:\/\/www.kem-europe.eu\/wp-content\/uploads\/2018\/02\/7-1.jpg\"><img decoding=\"async\" class=\"alignnone size-full wp-image-24312\" src=\"https:\/\/www.kem-europe.eu\/wp-content\/uploads\/2018\/02\/7-1.jpg\" alt=\"\" width=\"57\" height=\"57\" \/><\/a>Wysoki RPM<\/td>\n<\/tr>\n<\/tbody>\n<tbody>\n<tr>\n<td class=\"echotable\"><a href=\"https:\/\/www.kem-europe.eu\/wp-content\/uploads\/2018\/02\/8-1.jpg\"><img decoding=\"async\" class=\"alignnone size-full wp-image-24313\" src=\"https:\/\/www.kem-europe.eu\/wp-content\/uploads\/2018\/02\/8-1.jpg\" alt=\"\" width=\"57\" height=\"57\" \/><\/a>Niski RPM<\/td>\n<td class=\"echotable\"><a href=\"https:\/\/www.kem-europe.eu\/wp-content\/uploads\/2018\/02\/18-1.jpg\"><img decoding=\"async\" class=\"alignnone size-full wp-image-24323\" src=\"https:\/\/www.kem-europe.eu\/wp-content\/uploads\/2018\/02\/18-1.jpg\" alt=\"\" width=\"57\" height=\"57\" \/><\/a>Si\u0142a nacisku<\/td>\n<\/tr>\n<tr>\n<td class=\"echotable\"><a href=\"https:\/\/www.kem-europe.eu\/wp-content\/uploads\/2018\/02\/13-1.jpg\"><img decoding=\"async\" class=\"alignnone size-full wp-image-24318\" src=\"https:\/\/www.kem-europe.eu\/wp-content\/uploads\/2018\/02\/13-1.jpg\" alt=\"\" width=\"57\" height=\"57\" \/><\/a>Walizka<\/td>\n<td class=\"echotable\"><a href=\"https:\/\/www.kem-europe.eu\/wp-content\/uploads\/2018\/02\/22-1.jpg\"><img decoding=\"async\" class=\"alignnone size-full wp-image-24327\" src=\"https:\/\/www.kem-europe.eu\/wp-content\/uploads\/2018\/02\/22-1.jpg\" alt=\"\" width=\"57\" height=\"57\" \/><\/a>BLDC-Silnik<\/td>\n<\/tr>\n<\/tbody>\n<\/table>\n<p id=\"tw-target-text\" class=\"tw-data-text tw-text-large tw-ta\" dir=\"ltr\" data-placeholder=\"Vertaling\"><span class=\"Y2IQFc\" lang=\"pl\">Aby uzyska\u0107 pe\u0142ny przegl\u0105d r\u00f3\u017cnych symboli, kliknij <\/span><strong><a href=\"https:\/\/www.keyangtools.com\/nl\/keyang-symboliek\/\">tutaj<\/a>!<\/strong><\/p>\n<p><b>Zakres dostawy<\/b><\/p>\n<ul>\n<li>Keyang DW18BLA Akumulatorowa uniwersalna wkr\u0119tarka udarowa\/wkr\u0119tak \u2013 18V \u2013 5.0Ah<\/li>\n<li>2x Akumulator 18V Li-ion 5.0Ah<\/li>\n<li>1x \u0141adowarka<\/li>\n<li>Dostarczana w walizce<\/li>\n<\/ul>\n<p>https:\/\/www.youtube.com\/embed\/TD7koszP17o<\/p>\n","protected":false},"featured_media":33390,"comment_status":"closed","ping_status":"closed","template":"","meta":[],"product_brand":[],"product_cat":[1158,1145],"product_tag":[],"class_list":{"0":"post-33389","1":"product","2":"type-product","3":"status-publish","4":"has-post-thumbnail","6":"product_cat-akumulatorowa-uniwersalna-wkretarka-udarowa","7":"product_cat-akumulatorowe-maszyny","8":"pif-has-gallery","10":"first","11":"instock","12":"purchasable","13":"product-type-simple"},"_links":{"self":[{"href":"https:\/\/www.keyangtools.com\/pl\/wp-json\/wp\/v2\/product\/33389","targetHints":{"allow":["GET"]}}],"collection":[{"href":"https:\/\/www.keyangtools.com\/pl\/wp-json\/wp\/v2\/product"}],"about":[{"href":"https:\/\/www.keyangtools.com\/pl\/wp-json\/wp\/v2\/types\/product"}],"replies":[{"embeddable":true,"href":"https:\/\/www.keyangtools.com\/pl\/wp-json\/wp\/v2\/comments?post=33389"}],"wp:featuredmedia":[{"embeddable":true,"href":"https:\/\/www.keyangtools.com\/pl\/wp-json\/wp\/v2\/media\/33390"}],"wp:attachment":[{"href":"https:\/\/www.keyangtools.com\/pl\/wp-json\/wp\/v2\/media?parent=33389"}],"wp:term":[{"taxonomy":"product_brand","embeddable":true,"href":"https:\/\/www.keyangtools.com\/pl\/wp-json\/wp\/v2\/product_brand?post=33389"},{"taxonomy":"product_cat","embeddable":true,"href":"https:\/\/www.keyangtools.com\/pl\/wp-json\/wp\/v2\/product_cat?post=33389"},{"taxonomy":"product_tag","embeddable":true,"href":"https:\/\/www.keyangtools.com\/pl\/wp-json\/wp\/v2\/product_tag?post=33389"}],"curies":[{"name":"wp","href":"https:\/\/api.w.org\/{rel}","templated":true}]}}