{"id":33393,"date":"2021-02-26T13:22:08","date_gmt":"2021-02-26T12:22:08","guid":{"rendered":"https:\/\/www.keyangtools.com\/product\/keyang-sm7000v-wypalarka-1200w\/"},"modified":"2023-07-04T08:48:25","modified_gmt":"2023-07-04T06:48:25","slug":"keyang-sm7000v-maszyna-do-satynowania-1200w","status":"publish","type":"product","link":"https:\/\/www.keyangtools.com\/pl\/produkty\/keyang-sm7000v-maszyna-do-satynowania-1200w\/","title":{"rendered":"Keyang SM7000V Maszyna do satynowania &#8211; 1200W"},"content":{"rendered":"<p><strong>Cechy Keyang SM7000V Maszyny do satynowania &#8211; 1200W<\/strong><\/p>\n<ul>\n<li>Antypo\u015blizgowy, mi\u0119kki uchwyt<\/li>\n<li>Wyg\u0142uszanie<\/li>\n<li>Regulowana pr\u0119dko\u015b\u0107<\/li>\n<li>Uchwyt antywibracyjny<\/li>\n<li>Zabezpieczenie przed przeci\u0105\u017ceniem i ponownym uruchomieniem<\/li>\n<li>Automatyczne zatrzymanie szczotek w\u0119glowych<\/li>\n<\/ul>\n<p><strong>Opis techniczny<\/strong><\/p>\n<ul>\n<li>Szeroko\u015b\u0107 ko\u0142a &#8211; 100 mm<\/li>\n<li>\u015arednica ko\u0142a &#8211; 100 mm<\/li>\n<li>Moc &#8211; 1200 W<\/li>\n<li>Pr\u0119dko\u015b\u0107 bez obci\u0105\u017cenia &#8211; 800-2400 obr.<\/li>\n<li>Waga &#8211; 3,3 kg<\/li>\n<\/ul>\n<p><strong>Zakres dostawy<\/strong><\/p>\n<ul>\n<li>Keyang SM7000V Maszyna do satynowania &#8211; 1200W<\/li>\n<li>Dostarczana w opakowaniu<\/li>\n<\/ul>\n<p>&nbsp;<\/p>\n","protected":false},"excerpt":{"rendered":"<p><b>Zakres dostawy<\/b><\/p>\n<ul>\n<li>Keyang SM7000V Maszyna do satynowania &#8211; 1200W<\/li>\n<li>Dostarczana w opakowaniu<\/li>\n<\/ul>\n","protected":false},"featured_media":33394,"comment_status":"closed","ping_status":"closed","template":"","meta":[],"product_brand":[],"product_cat":[1165,1163],"product_tag":[],"class_list":{"0":"post-33393","1":"product","2":"type-product","3":"status-publish","4":"has-post-thumbnail","6":"product_cat-wypalarka","7":"product_cat-urzadzenia","9":"first","10":"instock","11":"purchasable","12":"product-type-simple"},"_links":{"self":[{"href":"https:\/\/www.keyangtools.com\/pl\/wp-json\/wp\/v2\/product\/33393","targetHints":{"allow":["GET"]}}],"collection":[{"href":"https:\/\/www.keyangtools.com\/pl\/wp-json\/wp\/v2\/product"}],"about":[{"href":"https:\/\/www.keyangtools.com\/pl\/wp-json\/wp\/v2\/types\/product"}],"replies":[{"embeddable":true,"href":"https:\/\/www.keyangtools.com\/pl\/wp-json\/wp\/v2\/comments?post=33393"}],"wp:featuredmedia":[{"embeddable":true,"href":"https:\/\/www.keyangtools.com\/pl\/wp-json\/wp\/v2\/media\/33394"}],"wp:attachment":[{"href":"https:\/\/www.keyangtools.com\/pl\/wp-json\/wp\/v2\/media?parent=33393"}],"wp:term":[{"taxonomy":"product_brand","embeddable":true,"href":"https:\/\/www.keyangtools.com\/pl\/wp-json\/wp\/v2\/product_brand?post=33393"},{"taxonomy":"product_cat","embeddable":true,"href":"https:\/\/www.keyangtools.com\/pl\/wp-json\/wp\/v2\/product_cat?post=33393"},{"taxonomy":"product_tag","embeddable":true,"href":"https:\/\/www.keyangtools.com\/pl\/wp-json\/wp\/v2\/product_tag?post=33393"}],"curies":[{"name":"wp","href":"https:\/\/api.w.org\/{rel}","templated":true}]}}