{"id":33559,"date":"2022-10-01T09:14:35","date_gmt":"2022-10-01T07:14:35","guid":{"rendered":"https:\/\/www.keyangtools.com\/?post_type=product&#038;p=33559"},"modified":"2024-01-15T08:19:03","modified_gmt":"2024-01-15T07:19:03","slug":"keyang-hd20blh-24t-akumulatorowy-mlot-udarowo-obrotowy-18v-2x5-0ah-sds-plus-copy","status":"publish","type":"product","link":"https:\/\/www.keyangtools.com\/pl\/produkty\/keyang-hd20blh-24t-akumulatorowy-mlot-udarowo-obrotowy-18v-2x5-0ah-sds-plus-copy\/","title":{"rendered":"Keyang HD20BLH-24T Akumulatorowy m\u0142ot udarowo-obrotowy \u2013 SDS Plus \u2013 18V (20V MAX) \u2013 KORPUS"},"content":{"rendered":"<p><img decoding=\"async\" class=\"aligncenter wp-image-33616 size-full\" src=\"https:\/\/www.keyangtools.com\/wp-content\/uploads\/2022\/10\/HD20BLH-24T-BODY-PL.png\" alt=\"Keyang HD20BLH-24T Akumulatorowy m\u0142ot udarowo-obrotowy \u2013 SDS Plus \u2013 18V (20V MAX) \u2013 KORPUS\" width=\"800\" height=\"7518\" srcset=\"https:\/\/www.keyangtools.com\/wp-content\/uploads\/2022\/10\/HD20BLH-24T-BODY-PL.png 800w, https:\/\/www.keyangtools.com\/wp-content\/uploads\/2022\/10\/HD20BLH-24T-BODY-PL-32x300.png 32w, https:\/\/www.keyangtools.com\/wp-content\/uploads\/2022\/10\/HD20BLH-24T-BODY-PL-109x1024.png 109w, https:\/\/www.keyangtools.com\/wp-content\/uploads\/2022\/10\/HD20BLH-24T-BODY-PL-768x7217.png 768w, https:\/\/www.keyangtools.com\/wp-content\/uploads\/2022\/10\/HD20BLH-24T-BODY-PL-218x2048.png 218w, https:\/\/www.keyangtools.com\/wp-content\/uploads\/2022\/10\/HD20BLH-24T-BODY-PL-560x5263.png 560w\" sizes=\"(max-width: 800px) 100vw, 800px\" \/><\/p>\n","protected":false},"excerpt":{"rendered":"<p><strong>Zakres dostawy<\/strong><\/p>\n<ul>\n<li>Keyang HD20BLH-24T Akumulatorowy M\u0142ot Kombi 18V (20V MAX) \u2013 KORPUS<\/li>\n<li>1 x Dodatkowy uchwyt<\/li>\n<li>Dostarczany w pude\u0142ku<\/li>\n<\/ul>\n<p><strong><em>Dlaczego Keyang?<\/em><\/strong><\/p>\n<p>Korea\u0144ska marka produkuje od ponad 40 lat wysokiej jako\u015bci maszyny dla sektora przemys\u0142owego i budowlanego. Od ponad 25 lat produkuje r\u00f3wnie\u017c dla kilku marek A na rynku europejskim (w tym Kress &amp; Spit). Keyang przewy\u017csza swoich konkurent\u00f3w, dostarczaj\u0105c doskona\u0142\u0105 jako\u015b\u0107 w rozs\u0105dnej cenie. Z pozycji lidera na rynku korea\u0144skim, firma zacz\u0119\u0142a koncentrowa\u0107 si\u0119 r\u00f3wnie\u017c na rynku europejskim. W stosunkowo kr\u00f3tkim czasie korea\u0144ska marka sta\u0142a si\u0119 zaufan\u0105 mark\u0105 w sektorze budowlanym. Nie ma to nic wsp\u00f3lnego ze sprytnym marketingiem, ale z wiar\u0105, \u017ce ma\u0142ymi krokami mo\u017cna zaj\u015b\u0107 wysoko w biznesie.<\/p>\n","protected":false},"featured_media":33567,"comment_status":"closed","ping_status":"closed","template":"","meta":[],"product_brand":[],"product_cat":[1157],"product_tag":[],"class_list":{"0":"post-33559","1":"product","2":"type-product","3":"status-publish","4":"has-post-thumbnail","6":"product_cat-akumulatorowa-mlotowiertarka-obrotowa","7":"pif-has-gallery","9":"first","10":"instock","11":"shipping-taxable","12":"purchasable","13":"product-type-simple"},"_links":{"self":[{"href":"https:\/\/www.keyangtools.com\/pl\/wp-json\/wp\/v2\/product\/33559","targetHints":{"allow":["GET"]}}],"collection":[{"href":"https:\/\/www.keyangtools.com\/pl\/wp-json\/wp\/v2\/product"}],"about":[{"href":"https:\/\/www.keyangtools.com\/pl\/wp-json\/wp\/v2\/types\/product"}],"replies":[{"embeddable":true,"href":"https:\/\/www.keyangtools.com\/pl\/wp-json\/wp\/v2\/comments?post=33559"}],"wp:featuredmedia":[{"embeddable":true,"href":"https:\/\/www.keyangtools.com\/pl\/wp-json\/wp\/v2\/media\/33567"}],"wp:attachment":[{"href":"https:\/\/www.keyangtools.com\/pl\/wp-json\/wp\/v2\/media?parent=33559"}],"wp:term":[{"taxonomy":"product_brand","embeddable":true,"href":"https:\/\/www.keyangtools.com\/pl\/wp-json\/wp\/v2\/product_brand?post=33559"},{"taxonomy":"product_cat","embeddable":true,"href":"https:\/\/www.keyangtools.com\/pl\/wp-json\/wp\/v2\/product_cat?post=33559"},{"taxonomy":"product_tag","embeddable":true,"href":"https:\/\/www.keyangtools.com\/pl\/wp-json\/wp\/v2\/product_tag?post=33559"}],"curies":[{"name":"wp","href":"https:\/\/api.w.org\/{rel}","templated":true}]}}