{"id":56653,"date":"2022-11-26T20:32:49","date_gmt":"2022-11-26T19:32:49","guid":{"rendered":"https:\/\/www.keyangtools.com\/product\/keyang-sd20bl-akumulatorowa-wkretarka-do-suchej-zabudowy-18v-20v-max-2x5-0ah\/"},"modified":"2023-07-03T11:15:44","modified_gmt":"2023-07-03T09:15:44","slug":"keyang-sd20bl-akumulatorowa-wkretarka-do-suchej-zabudowy-18v-20v-max-2x5-0ah","status":"publish","type":"product","link":"https:\/\/www.keyangtools.com\/pl\/produkty\/keyang-sd20bl-akumulatorowa-wkretarka-do-suchej-zabudowy-18v-20v-max-2x5-0ah\/","title":{"rendered":"Keyang SD20BL Akumulatorowa wkr\u0119tarka do suchej zabudowy \u2013 18V (20V MAX) \u2013 2\u00d75.0Ah"},"content":{"rendered":"<p><img decoding=\"async\" class=\"size-full wp-image-56654\" src=\"https:\/\/www.keyangtools.com\/wp-content\/uploads\/2022\/11\/SD20BL-PL.png\" alt=\"Keyang SD20BL Akumulatorowa wkr\u0119tarka do suchej zabudowy \u2013 18V (20V MAX) \u2013 2\u00d75.0Ah\" width=\"850\" height=\"6253\" srcset=\"https:\/\/www.keyangtools.com\/wp-content\/uploads\/2022\/11\/SD20BL-PL.png 850w, https:\/\/www.keyangtools.com\/wp-content\/uploads\/2022\/11\/SD20BL-PL-139x1024.png 139w, https:\/\/www.keyangtools.com\/wp-content\/uploads\/2022\/11\/SD20BL-PL-768x5650.png 768w, https:\/\/www.keyangtools.com\/wp-content\/uploads\/2022\/11\/SD20BL-PL-560x4120.png 560w\" sizes=\"(max-width: 850px) 100vw, 850px\" \/><\/p>\n","protected":false},"excerpt":{"rendered":"<p><strong>Zakres dostawy<\/strong><\/p>\n<ul>\n<li>Keyang SD20BL Wkr\u0119tak automatyczny &#8211; 18V (20V MAX)<\/li>\n<li>1x Szybko\u0142adowarka<\/li>\n<li>1x Automatyczny podajnik<\/li>\n<li>1x Wska\u017anik g\u0142\u0119boko\u015bci<\/li>\n<li>2x Akumulator 5,0 Ah<\/li>\n<li>2x Bit<\/li>\n<li>Dostarczany w pude\u0142ku<\/li>\n<\/ul>\n","protected":false},"featured_media":56567,"comment_status":"closed","ping_status":"closed","template":"","meta":[],"product_brand":[],"product_cat":[1163],"product_tag":[],"class_list":{"0":"post-56653","1":"product","2":"type-product","3":"status-publish","4":"has-post-thumbnail","6":"product_cat-urzadzenia","7":"pif-has-gallery","9":"first","10":"instock","11":"shipping-taxable","12":"purchasable","13":"product-type-simple"},"_links":{"self":[{"href":"https:\/\/www.keyangtools.com\/pl\/wp-json\/wp\/v2\/product\/56653","targetHints":{"allow":["GET"]}}],"collection":[{"href":"https:\/\/www.keyangtools.com\/pl\/wp-json\/wp\/v2\/product"}],"about":[{"href":"https:\/\/www.keyangtools.com\/pl\/wp-json\/wp\/v2\/types\/product"}],"replies":[{"embeddable":true,"href":"https:\/\/www.keyangtools.com\/pl\/wp-json\/wp\/v2\/comments?post=56653"}],"wp:featuredmedia":[{"embeddable":true,"href":"https:\/\/www.keyangtools.com\/pl\/wp-json\/wp\/v2\/media\/56567"}],"wp:attachment":[{"href":"https:\/\/www.keyangtools.com\/pl\/wp-json\/wp\/v2\/media?parent=56653"}],"wp:term":[{"taxonomy":"product_brand","embeddable":true,"href":"https:\/\/www.keyangtools.com\/pl\/wp-json\/wp\/v2\/product_brand?post=56653"},{"taxonomy":"product_cat","embeddable":true,"href":"https:\/\/www.keyangtools.com\/pl\/wp-json\/wp\/v2\/product_cat?post=56653"},{"taxonomy":"product_tag","embeddable":true,"href":"https:\/\/www.keyangtools.com\/pl\/wp-json\/wp\/v2\/product_tag?post=56653"}],"curies":[{"name":"wp","href":"https:\/\/api.w.org\/{rel}","templated":true}]}}