{"id":56777,"date":"2022-12-24T11:19:19","date_gmt":"2022-12-24T10:19:19","guid":{"rendered":"https:\/\/www.keyangtools.com\/product\/keyang-dc20bl-8dw-odkurzacz-akumulatorowy-20v\/"},"modified":"2024-01-09T08:37:03","modified_gmt":"2024-01-09T07:37:03","slug":"keyang-dc20bl-8dw-odkurzacz-akumulatorowy-20v","status":"publish","type":"product","link":"https:\/\/www.keyangtools.com\/pl\/produkty\/keyang-dc20bl-8dw-odkurzacz-akumulatorowy-20v\/","title":{"rendered":"Keyang DC20BL-8DW Odkurzacz akumulatorowy &#8211; 20V"},"content":{"rendered":"<p><img decoding=\"async\" class=\"aligncenter size-full wp-image-62479\" src=\"https:\/\/www.keyangtools.com\/wp-content\/uploads\/2022\/12\/DC20BL-8DW-PL-2.png\" alt=\"\" width=\"750\" height=\"6948\" srcset=\"https:\/\/www.keyangtools.com\/wp-content\/uploads\/2022\/12\/DC20BL-8DW-PL-2.png 750w, https:\/\/www.keyangtools.com\/wp-content\/uploads\/2022\/12\/DC20BL-8DW-PL-2-221x2048.png 221w, https:\/\/www.keyangtools.com\/wp-content\/uploads\/2022\/12\/DC20BL-8DW-PL-2-560x5188.png 560w\" sizes=\"(max-width: 750px) 100vw, 750px\" \/><\/p>\n","protected":false},"excerpt":{"rendered":"<p><strong>Dlaczego warto wybra\u0107 Keyang?<\/strong><\/p>\n<p>Korea\u0144ska marka produkuje od ponad 40 lat wysokiej jako\u015bci maszyny dla sektora przemys\u0142owego i budowlanego. Od ponad 25 lat produkuje r\u00f3wnie\u017c dla kilku marek A na rynku europejskim (w tym Kress &amp; Spit). Keyang przewy\u017csza swoich konkurent\u00f3w, dostarczaj\u0105c doskona\u0142\u0105 jako\u015b\u0107 w rozs\u0105dnej cenie. Z pozycji lidera na rynku korea\u0144skim, firma zacz\u0119\u0142a koncentrowa\u0107 si\u0119 r\u00f3wnie\u017c na rynku europejskim. W stosunkowo kr\u00f3tkim czasie korea\u0144ska marka sta\u0142a si\u0119 zaufan\u0105 mark\u0105 w sektorze budowlanym. Nie ma to nic wsp\u00f3lnego ze sprytnym marketingiem, ale z wiar\u0105, \u017ce ma\u0142ymi krokami mo\u017cna zaj\u015b\u0107 wysoko w biznesie.<\/p>\n<p>&nbsp;<\/p>\n<p><strong>Zakres dostawy<\/strong><\/p>\n<ul>\n<li>Keyang DC20BL-8DW Odkurzacz akumulatorowy &#8211; 20V<\/li>\n<li>1 x Worek<\/li>\n<li>1 x D\u0142uga elastyczna dysza<\/li>\n<li>1 x Szczotka do kanap<\/li>\n<li>1 x Szczotka do wody<\/li>\n<li>1 x Szczotka okr\u0105g\u0142a<\/li>\n<li>1 x Szczotka szczelinowa<\/li>\n<li>1 x W\u0105\u017c przed\u0142u\u017caj\u0105cy<\/li>\n<\/ul>\n","protected":false},"featured_media":56767,"comment_status":"closed","ping_status":"closed","template":"","meta":[],"product_brand":[],"product_cat":[1281],"product_tag":[],"class_list":{"0":"post-56777","1":"product","2":"type-product","3":"status-publish","4":"has-post-thumbnail","6":"product_cat-akumulatorowy-odkurzacz-pl","7":"pif-has-gallery","9":"first","10":"instock","11":"shipping-taxable","12":"purchasable","13":"product-type-simple"},"_links":{"self":[{"href":"https:\/\/www.keyangtools.com\/pl\/wp-json\/wp\/v2\/product\/56777","targetHints":{"allow":["GET"]}}],"collection":[{"href":"https:\/\/www.keyangtools.com\/pl\/wp-json\/wp\/v2\/product"}],"about":[{"href":"https:\/\/www.keyangtools.com\/pl\/wp-json\/wp\/v2\/types\/product"}],"replies":[{"embeddable":true,"href":"https:\/\/www.keyangtools.com\/pl\/wp-json\/wp\/v2\/comments?post=56777"}],"wp:featuredmedia":[{"embeddable":true,"href":"https:\/\/www.keyangtools.com\/pl\/wp-json\/wp\/v2\/media\/56767"}],"wp:attachment":[{"href":"https:\/\/www.keyangtools.com\/pl\/wp-json\/wp\/v2\/media?parent=56777"}],"wp:term":[{"taxonomy":"product_brand","embeddable":true,"href":"https:\/\/www.keyangtools.com\/pl\/wp-json\/wp\/v2\/product_brand?post=56777"},{"taxonomy":"product_cat","embeddable":true,"href":"https:\/\/www.keyangtools.com\/pl\/wp-json\/wp\/v2\/product_cat?post=56777"},{"taxonomy":"product_tag","embeddable":true,"href":"https:\/\/www.keyangtools.com\/pl\/wp-json\/wp\/v2\/product_tag?post=56777"}],"curies":[{"name":"wp","href":"https:\/\/api.w.org\/{rel}","templated":true}]}}