{"id":61863,"date":"2023-05-10T12:52:49","date_gmt":"2023-05-10T10:52:49","guid":{"rendered":"https:\/\/www.keyangtools.com\/product\/keyang-k-tool-wiertarko-wkretarka-10-8v-12v-wersja-limitowana\/"},"modified":"2023-07-04T08:47:40","modified_gmt":"2023-07-04T06:47:40","slug":"keyang-k-tool-wiertarko-wkretarka-10-8v-12v-wersja-limitowana","status":"publish","type":"product","link":"https:\/\/www.keyangtools.com\/pl\/produkty\/keyang-k-tool-wiertarko-wkretarka-10-8v-12v-wersja-limitowana\/","title":{"rendered":"Keyang K-TOOL Wiertarko-wkr\u0119tarka 10.8V \/ 12V \u2013 Wersja limitowana"},"content":{"rendered":"<p><strong><em>Ma\u0142a, intuicyjna i silna \u2013 perfekcyjne narz\u0119dzie dla Twojego nowoczesnego domu. Wypr\u00f3buj samodzielnie t\u0119 wiertark\u0119 posiadaj\u0105c\u0105 r\u00f3\u017cnorodny zakres zastosowa\u0144. Wiertarka \u015bwietnie dostosowuje si\u0119 do d\u0142oni u\u017cytkownika.<\/em><\/strong><\/p>\n<ul>\n<li>Przedstawiamy now\u0105 wiertark\u0119 K-tool, idealne po\u0142\u0105czenie stylu i wydajno\u015bci.<\/li>\n<li>Jej kompaktowy <strong>korpus doskonale le\u017cy w d\u0142oni<\/strong>, zapewniaj\u0105c przy tym niesamowit\u0105 wydajno\u015b\u0107.<\/li>\n<li>Jest zasilana przez <strong>wymienny akumulator<\/strong>, kt\u00f3ry mo\u017cna wygodnie \u0142adowa\u0107 za pomoc\u0105 <strong>podstawki (stacji \u0142aduj\u0105cej)<\/strong><\/li>\n<\/ul>\n<p><strong>Opis techniczny<\/strong><\/p>\n<p><strong><em>Urz\u0105dzenie<\/em><\/strong><\/p>\n<ul>\n<li>Waga \u2013 0,9 Kg<\/li>\n<li>Napi\u0119cie \u2013 10.8V (12V MAX)<\/li>\n<li>Pr\u0119dko\u015b\u0107 obrotowa bez obci\u0105\u017cenia \u2013 400 obr.\/min.<\/li>\n<li>Uchwyt BIT \u2013 1\/4\u2019\u2019 (6.35mm)<\/li>\n<li>Moment obrotowy \u2013 30 Nm<\/li>\n<li>Wydajno\u015b\u0107\n<ul>\n<li>Stal \u2013 10 mm<\/li>\n<li>Drewno \u2013 15 mm<\/li>\n<li>Wkr\u0119ty do drewna \u2013 6 mm<\/li>\n<\/ul>\n<\/li>\n<li>Waga \u2013 0,9 Kg<\/li>\n<\/ul>\n<p><strong><em>\u0141adowarka<\/em><\/strong><\/p>\n<ul>\n<li>Napi\u0119cie wej\u015bciowe \u2013 100-240 V AC<\/li>\n<li>Cz\u0119stotliwo\u015b\u0107 wej\u015bciowa \u2013 50\/60 Hz<\/li>\n<li>Napi\u0119cie wyj\u015bciowe \u2013 12.6 V DC<\/li>\n<li>Pr\u0105d \u0142adowania \u2013 2.0 Ah<\/li>\n<li>Waga \u2013 130 gram<\/li>\n<li>Klasa bezpiecze\u0144stwa \u2013 Class 2<\/li>\n<\/ul>\n<p><em><strong>Zintegrowana bateria<\/strong><\/em><\/p>\n<ul>\n<li>Napi\u0119cie \u2013 10.8V (MAX 12V)<\/li>\n<li>Pojemno\u015b\u0107 \u2013 2.0 Ah<\/li>\n<li>Czas pracy \u0142adowarki \u2013 65 min.<\/li>\n<\/ul>\n<p><strong>Zakres dostawy<\/strong><\/p>\n<ul>\n<li>K-Tool<\/li>\n<li>\u0141adowarka sieciowa + Stacja dokuj\u0105ca\/Podstawka<\/li>\n<li>Uchwyt Bit + 4 bity\n<ul>\n<li>PZ3 \u2013 PZ2 \u2013 S2 4 \u2013 S2 5<\/li>\n<\/ul>\n<\/li>\n<li>Instrukcja manualna<\/li>\n<\/ul>\n","protected":false},"excerpt":{"rendered":"<p><strong>Zakres dostawy<\/strong><\/p>\n<ul>\n<li>Keyang K-Tool wiertarko-wkr\u0119tarka 10.8V\/12V<\/li>\n<li>\u0141adowarka sieciowa + Stacja dokuj\u0105ca\/Podstawka<\/li>\n<li>Uchwyt Bit + 4 bity\n<ul>\n<li>PZ3 \u2013 PZ2 \u2013 S2 4 \u2013 S2 5<\/li>\n<\/ul>\n<\/li>\n<li>Instrukcja manualna<\/li>\n<\/ul>\n","protected":false},"featured_media":61836,"comment_status":"closed","ping_status":"closed","template":"","meta":[],"product_brand":[],"product_cat":[1150],"product_tag":[],"class_list":{"0":"post-61863","1":"product","2":"type-product","3":"status-publish","4":"has-post-thumbnail","6":"product_cat-akumulatorowa-wiertarka","7":"pif-has-gallery","9":"first","10":"instock","11":"shipping-taxable","12":"purchasable","13":"product-type-simple"},"_links":{"self":[{"href":"https:\/\/www.keyangtools.com\/pl\/wp-json\/wp\/v2\/product\/61863","targetHints":{"allow":["GET"]}}],"collection":[{"href":"https:\/\/www.keyangtools.com\/pl\/wp-json\/wp\/v2\/product"}],"about":[{"href":"https:\/\/www.keyangtools.com\/pl\/wp-json\/wp\/v2\/types\/product"}],"replies":[{"embeddable":true,"href":"https:\/\/www.keyangtools.com\/pl\/wp-json\/wp\/v2\/comments?post=61863"}],"wp:featuredmedia":[{"embeddable":true,"href":"https:\/\/www.keyangtools.com\/pl\/wp-json\/wp\/v2\/media\/61836"}],"wp:attachment":[{"href":"https:\/\/www.keyangtools.com\/pl\/wp-json\/wp\/v2\/media?parent=61863"}],"wp:term":[{"taxonomy":"product_brand","embeddable":true,"href":"https:\/\/www.keyangtools.com\/pl\/wp-json\/wp\/v2\/product_brand?post=61863"},{"taxonomy":"product_cat","embeddable":true,"href":"https:\/\/www.keyangtools.com\/pl\/wp-json\/wp\/v2\/product_cat?post=61863"},{"taxonomy":"product_tag","embeddable":true,"href":"https:\/\/www.keyangtools.com\/pl\/wp-json\/wp\/v2\/product_tag?post=61863"}],"curies":[{"name":"wp","href":"https:\/\/api.w.org\/{rel}","templated":true}]}}