{"id":62436,"date":"2023-11-23T08:52:13","date_gmt":"2023-11-23T07:52:13","guid":{"rendered":"https:\/\/www.keyangtools.com\/product\/62436\/"},"modified":"2023-11-23T09:31:17","modified_gmt":"2023-11-23T08:31:17","slug":"keyang-kaf-57-automatyczny-podajnik-dla-wkretakow-do-suchej-zabudowy-keyang","status":"publish","type":"product","link":"https:\/\/www.keyangtools.com\/pl\/produkty\/keyang-kaf-57-automatyczny-podajnik-dla-wkretakow-do-suchej-zabudowy-keyang\/","title":{"rendered":"Keyang KAF-57 Automatyczny podajnik dla wkr\u0119tak\u00f3w do suchej zabudowy"},"content":{"rendered":"<p><strong>Cechy Keyang KAF-57 Automatycznego podajnika dla wkr\u0119tak\u00f3w do suchej zabudowy<\/strong><\/p>\n<ul>\n<li>\u00a0Automatyczny podajnik dla wkr\u0119tak\u00f3w do suchej zabudowy<\/li>\n<\/ul>\n<p>&#8211; SD20BL<\/p>\n<p>&#8211; ASD1800L<\/p>\n<ul>\n<li>Magazynek na wkr\u0119ty z ta\u015bm\u0105<\/li>\n<li>\u0141atwa regulacja g\u0142\u0119boko\u015bci wkr\u0119cania za pomoc\u0105 pokr\u0119t\u0142a<\/li>\n<li>\u0141atwa regulacja g\u0142\u0119boko\u015bci wkr\u0119t\u00f3w<\/li>\n<\/ul>\n<p><strong>Opis techniczny<\/strong><\/p>\n<ul>\n<li>Maksymalna wydajno\u015b\u0107 \u015brub \u2013 20-57 mm<\/li>\n<\/ul>\n<p><strong>Zakres dostawy<\/strong><\/p>\n<ul>\n<li>Keyang KAF-57 Automatyczny podajnik dla wkr\u0119tak\u00f3w<\/li>\n<li>w opakowaniu<\/li>\n<\/ul>\n<h4><\/h4>\n","protected":false},"excerpt":{"rendered":"<p><strong>Zakres dostawy<\/strong><\/p>\n<ul>\n<li>Keyang KAF-57 Automatyczny podajnik dla wkr\u0119tak\u00f3w<\/li>\n<li>w opakowaniu<\/li>\n<\/ul>\n","protected":false},"featured_media":62426,"comment_status":"closed","ping_status":"closed","template":"","meta":[],"product_brand":[],"product_cat":[1285],"product_tag":[],"class_list":{"0":"post-62436","1":"product","2":"type-product","3":"status-publish","4":"has-post-thumbnail","6":"product_cat-automatyczny-podajnik","7":"pif-has-gallery","9":"first","10":"onbackorder","11":"shipping-taxable","12":"purchasable","13":"product-type-simple"},"_links":{"self":[{"href":"https:\/\/www.keyangtools.com\/pl\/wp-json\/wp\/v2\/product\/62436","targetHints":{"allow":["GET"]}}],"collection":[{"href":"https:\/\/www.keyangtools.com\/pl\/wp-json\/wp\/v2\/product"}],"about":[{"href":"https:\/\/www.keyangtools.com\/pl\/wp-json\/wp\/v2\/types\/product"}],"replies":[{"embeddable":true,"href":"https:\/\/www.keyangtools.com\/pl\/wp-json\/wp\/v2\/comments?post=62436"}],"wp:featuredmedia":[{"embeddable":true,"href":"https:\/\/www.keyangtools.com\/pl\/wp-json\/wp\/v2\/media\/62426"}],"wp:attachment":[{"href":"https:\/\/www.keyangtools.com\/pl\/wp-json\/wp\/v2\/media?parent=62436"}],"wp:term":[{"taxonomy":"product_brand","embeddable":true,"href":"https:\/\/www.keyangtools.com\/pl\/wp-json\/wp\/v2\/product_brand?post=62436"},{"taxonomy":"product_cat","embeddable":true,"href":"https:\/\/www.keyangtools.com\/pl\/wp-json\/wp\/v2\/product_cat?post=62436"},{"taxonomy":"product_tag","embeddable":true,"href":"https:\/\/www.keyangtools.com\/pl\/wp-json\/wp\/v2\/product_tag?post=62436"}],"curies":[{"name":"wp","href":"https:\/\/api.w.org\/{rel}","templated":true}]}}